{"id":1090,"date":"2024-03-26T10:25:31","date_gmt":"2024-03-26T10:25:31","guid":{"rendered":"https:\/\/norskebacker.no\/?page_id=1090"},"modified":"2025-06-26T08:32:43","modified_gmt":"2025-06-26T08:32:43","slug":"apenhetsloven","status":"publish","type":"page","link":"https:\/\/norskebacker.no\/en\/the-transparency-act\/","title":{"rendered":"The Norwegian Transparency Act"},"content":{"rendered":"\t\t<div data-elementor-type=\"wp-page\" data-elementor-id=\"1090\" class=\"elementor elementor-1090\" data-elementor-post-type=\"page\">\n\t\t\t\t<div class=\"elementor-element elementor-element-4f2497f e-con-full e-flex e-con e-parent\" data-id=\"4f2497f\" data-element_type=\"container\" data-e-type=\"container\" data-settings=\"{&quot;background_background&quot;:&quot;classic&quot;}\">\n\t\t\t\t<div class=\"elementor-element elementor-element-0c3fc38 elementor-widget elementor-widget-spacer\" data-id=\"0c3fc38\" data-element_type=\"widget\" data-e-type=\"widget\" data-widget_type=\"spacer.default\">\n\t\t\t\t<div class=\"elementor-widget-container\">\n\t\t\t\t\t\t\t<div class=\"elementor-spacer\">\n\t\t\t<div class=\"elementor-spacer-inner\"><\/div>\n\t\t<\/div>\n\t\t\t\t\t\t<\/div>\n\t\t\t\t<\/div>\n\t\t\t\t<\/div>\n\t\t<div class=\"elementor-element elementor-element-7956f7f e-flex e-con-boxed e-con e-parent\" data-id=\"7956f7f\" data-element_type=\"container\" data-e-type=\"container\">\n\t\t\t\t\t<div class=\"e-con-inner\">\n\t\t<div class=\"elementor-element elementor-element-3f3c234 e-con-full e-flex e-con e-child\" data-id=\"3f3c234\" data-element_type=\"container\" data-e-type=\"container\">\n\t\t\t\t<div class=\"elementor-element elementor-element-e281ac6 elementor-widget elementor-widget-heading\" data-id=\"e281ac6\" data-element_type=\"widget\" data-e-type=\"widget\" data-widget_type=\"heading.default\">\n\t\t\t\t<div class=\"elementor-widget-container\">\n\t\t\t\t\t<h1 class=\"elementor-heading-title elementor-size-default\">\u00c5penhetsloven<\/h1>\t\t\t\t<\/div>\n\t\t\t\t<\/div>\n\t\t\t\t<div class=\"elementor-element elementor-element-f97b004 elementor-widget elementor-widget-text-editor\" data-id=\"f97b004\" data-element_type=\"widget\" data-e-type=\"widget\" data-widget_type=\"text-editor.default\">\n\t\t\t\t<div class=\"elementor-widget-container\">\n\t\t\t\t\t\t\t\t\t<div class=\"elementor-element elementor-element-2f434d34 elementor-widget elementor-widget-text-editor\" data-id=\"2f434d34\" data-element_type=\"widget\" data-widget_type=\"text-editor.default\"><div class=\"elementor-widget-container\"><p>\u00c5penhetsloven er en \u00ab<a href=\"https:\/\/lovdata.no\/dokument\/NL\/lov\/2021-06-18-99\" target=\"_blank\" rel=\"noopener\">Lov om virksomheters\u00a0<\/a>\u00e5penhet og arbeid med grunnleggende menneskerettigheter og anstendige arbeidsforhold\u00bb\u00a0som tr\u00e5dte i kraft 1 juli 2022. Norske Backer er underlagt denne loven, og plikter derfor \u00e5 gjennomf\u00f8re unders\u00f8kelser og tiltak i henhold til dette.<\/p><\/div><\/div><div class=\"elementor-element elementor-element-df57d99 elementor-widget elementor-widget-text-editor\" data-id=\"df57d99\" data-element_type=\"widget\" data-widget_type=\"text-editor.default\"><div class=\"elementor-widget-container\"><p>Vi mener dette er en viktig og n\u00f8dvendig lov, som har til hensikt \u00e5 \u00abfremme virksomheters respekt for grunnleggende menneskerettigheter og anstendige arbeidsforhold i forbindelse med produksjon av varer og tjenester, og sikre allmennheten tilgang til informasjon om hvordan virksomheter h\u00e5ndterer negative konsekvenser for grunnleggende menneskerettigheter og anstendige arbeidsforhold\u00bb.<\/p><blockquote><p>&gt; <a href=\"\/vi-stiller-strengere-krav-enn-apenhetsloven-gjor\/\"><strong>Les mer om hvordan vi jobber med \u00e5penhetsloven her<\/strong><\/a><\/p><\/blockquote><div class=\"elementor-element elementor-element-6053e27 elementor-widget elementor-widget-text-editor\" data-id=\"6053e27\" data-element_type=\"widget\" data-widget_type=\"text-editor.default\"><div class=\"elementor-widget-container\"><p>Vi har gjennom v\u00e5rt morselskap allerede jobbet mye med dette, og har tidligere f\u00e5tt v\u00e5re leverand\u00f8rer til \u00e5 signere v\u00e5r Code of Conduct. I sammenheng med \u00e5penhetsloven, har vi n\u00e5 bestemt at vi skal igjen sende ut v\u00e5r Code of Conduct til alle v\u00e5re leverand\u00f8rer, slik at vi er sikre p\u00e5 at alle har signert. Vi har som krav at alle leverand\u00f8rer skal signere denne. Dersom noen av v\u00e5re leverand\u00f8rer unnlater \u00e5 signere, vil vi stille krav om dette dersom vi skal fortsette \u00e5 v\u00e6re kunde hos dem. Dersom de ikke signerer, vil vi se oss om etter nye leverand\u00f8rer.<\/p><\/div><\/div><div class=\"elementor-element elementor-element-d651097 elementor-widget elementor-widget-text-editor\" data-id=\"d651097\" data-element_type=\"widget\" data-widget_type=\"text-editor.default\"><div class=\"elementor-widget-container\"><p>I v\u00e5re unders\u00f8kelser har vi s\u00e5 langt ikke oppdaget noen avvik, og vi har strenge retningslinjer fra v\u00e5rt konsern om hvilke land vi ikke f\u00e5r gj\u00f8re handel med. Vi deler v\u00e5r redegj\u00f8relse her, slik at de som vil kan lese mer om v\u00e5rt arbeid med \u00e5penhetsloven.<\/p><blockquote><p>&gt; <a href=\"\/wp-content\/uploads\/2025\/06\/Apenhetsloven-Redegjorelse-2025.pdf\" target=\"_blank\" rel=\"noopener\"><strong>Les v\u00e5r redegj\u00f8relse her<\/strong><\/a><\/p><\/blockquote><\/div><\/div><\/div><\/div>\t\t\t\t\t\t\t\t<\/div>\n\t\t\t\t<\/div>\n\t\t\t\t<\/div>\n\t\t<div class=\"elementor-element elementor-element-7e73ee7 e-con-full e-flex e-con e-child\" data-id=\"7e73ee7\" data-element_type=\"container\" data-e-type=\"container\">\n\t\t\t\t<div class=\"elementor-element elementor-element-b239dd7 elementor-widget elementor-widget-image\" data-id=\"b239dd7\" data-element_type=\"widget\" data-e-type=\"widget\" data-widget_type=\"image.default\">\n\t\t\t\t<div class=\"elementor-widget-container\">\n\t\t\t\t\t\t\t\t\t\t\t\t\t\t\t\t<a href=\"https:\/\/norskebacker.no\/wp-content\/uploads\/2024\/06\/Redegjorelse-2024.pdf\">\n\t\t\t\t\t\t\t<img fetchpriority=\"high\" decoding=\"async\" width=\"729\" height=\"1024\" src=\"https:\/\/norskebacker.no\/wp-content\/uploads\/2024\/06\/apenhetsloven_backer-729x1024.jpg\" class=\"attachment-large size-large wp-image-12914\" alt=\"\u00c5penhetsloven\" srcset=\"https:\/\/norskebacker.no\/wp-content\/uploads\/2024\/06\/apenhetsloven_backer-729x1024.jpg 729w, https:\/\/norskebacker.no\/wp-content\/uploads\/2024\/06\/apenhetsloven_backer-600x842.jpg 600w, https:\/\/norskebacker.no\/wp-content\/uploads\/2024\/06\/apenhetsloven_backer-214x300.jpg 214w, https:\/\/norskebacker.no\/wp-content\/uploads\/2024\/06\/apenhetsloven_backer-768x1078.jpg 768w, https:\/\/norskebacker.no\/wp-content\/uploads\/2024\/06\/apenhetsloven_backer-9x12.jpg 9w, https:\/\/norskebacker.no\/wp-content\/uploads\/2024\/06\/apenhetsloven_backer.jpg 966w\" sizes=\"(max-width: 729px) 100vw, 729px\" \/>\t\t\t\t\t\t\t\t<\/a>\n\t\t\t\t\t\t\t\t\t\t\t\t\t\t\t<\/div>\n\t\t\t\t<\/div>\n\t\t\t\t<\/div>\n\t\t\t\t\t<\/div>\n\t\t\t\t<\/div>\n\t\t<div class=\"elementor-element elementor-element-13bc990 e-flex e-con-boxed e-con e-parent\" data-id=\"13bc990\" data-element_type=\"container\" data-e-type=\"container\">\n\t\t\t\t\t<div class=\"e-con-inner\">\n\t\t\t\t<div class=\"elementor-element elementor-element-80338dc elementor-widget elementor-widget-heading\" data-id=\"80338dc\" data-element_type=\"widget\" data-e-type=\"widget\" data-widget_type=\"heading.default\">\n\t\t\t\t<div class=\"elementor-widget-container\">\n\t\t\t\t\t<h2 class=\"elementor-heading-title elementor-size-default\">Har du sp\u00f8rsm\u00e5l om b\u00e6rekraft?<\/h2>\t\t\t\t<\/div>\n\t\t\t\t<\/div>\n\t\t\t\t<div class=\"elementor-element elementor-element-bcfdf45 elementor-button-align-stretch elementor-widget elementor-widget-form\" data-id=\"bcfdf45\" data-element_type=\"widget\" data-e-type=\"widget\" data-settings=\"{&quot;step_next_label&quot;:&quot;Next&quot;,&quot;step_previous_label&quot;:&quot;Previous&quot;,&quot;button_width&quot;:&quot;100&quot;,&quot;step_type&quot;:&quot;number_text&quot;,&quot;step_icon_shape&quot;:&quot;circle&quot;}\" data-widget_type=\"form.default\">\n\t\t\t\t<div class=\"elementor-widget-container\">\n\t\t\t\t\t\t\t<form class=\"elementor-form\" method=\"post\" name=\"B\u00e6rekraft\" aria-label=\"B\u00e6rekraft\">\n\t\t\t<input type=\"hidden\" name=\"post_id\" value=\"1090\"\/>\n\t\t\t<input type=\"hidden\" name=\"form_id\" value=\"bcfdf45\"\/>\n\t\t\t<input type=\"hidden\" name=\"referer_title\" value=\"\u00c5penhetsloven - Norske Backer\" \/>\n\n\t\t\t\t\t\t\t<input type=\"hidden\" name=\"queried_id\" value=\"1090\"\/>\n\t\t\t\n\t\t\t<div class=\"elementor-form-fields-wrapper elementor-labels-\">\n\t\t\t\t\t\t\t\t<div class=\"elementor-field-type-text elementor-field-group elementor-column elementor-field-group-name elementor-col-50 elementor-field-required\">\n\t\t\t\t\t\t\t\t\t\t\t\t<label for=\"form-field-name\" class=\"elementor-field-label elementor-screen-only\">\n\t\t\t\t\t\t\t\tDitt navn\t\t\t\t\t\t\t<\/label>\n\t\t\t\t\t\t\t\t\t\t\t\t\t\t<input size=\"1\" type=\"text\" name=\"form_fields[name]\" id=\"form-field-name\" class=\"elementor-field elementor-size-sm  elementor-field-textual\" placeholder=\"Ditt navn\" required=\"required\">\n\t\t\t\t\t\t\t\t\t\t\t<\/div>\n\t\t\t\t\t\t\t\t<div class=\"elementor-field-type-text elementor-field-group elementor-column elementor-field-group-field_e97f119 elementor-col-50 elementor-field-required\">\n\t\t\t\t\t\t\t\t\t\t\t\t<label for=\"form-field-field_e97f119\" class=\"elementor-field-label elementor-screen-only\">\n\t\t\t\t\t\t\t\tFirmanavn\t\t\t\t\t\t\t<\/label>\n\t\t\t\t\t\t\t\t\t\t\t\t\t\t<input size=\"1\" type=\"text\" name=\"form_fields[field_e97f119]\" id=\"form-field-field_e97f119\" class=\"elementor-field elementor-size-sm  elementor-field-textual\" placeholder=\"Firmanavn\" required=\"required\">\n\t\t\t\t\t\t\t\t\t\t\t<\/div>\n\t\t\t\t\t\t\t\t<div class=\"elementor-field-type-email elementor-field-group elementor-column elementor-field-group-email elementor-col-50 elementor-field-required\">\n\t\t\t\t\t\t\t\t\t\t\t\t<label for=\"form-field-email\" class=\"elementor-field-label elementor-screen-only\">\n\t\t\t\t\t\t\t\tEmail\t\t\t\t\t\t\t<\/label>\n\t\t\t\t\t\t\t\t\t\t\t\t\t\t<input size=\"1\" type=\"email\" name=\"form_fields[email]\" id=\"form-field-email\" class=\"elementor-field elementor-size-sm  elementor-field-textual\" placeholder=\"E-post\" required=\"required\">\n\t\t\t\t\t\t\t\t\t\t\t<\/div>\n\t\t\t\t\t\t\t\t<div class=\"elementor-field-type-text elementor-field-group elementor-column elementor-field-group-field_e9c956d elementor-col-50 elementor-field-required\">\n\t\t\t\t\t\t\t\t\t\t\t\t<label for=\"form-field-field_e9c956d\" class=\"elementor-field-label elementor-screen-only\">\n\t\t\t\t\t\t\t\tTelefonnummer\t\t\t\t\t\t\t<\/label>\n\t\t\t\t\t\t\t\t\t\t\t\t\t\t<input size=\"1\" type=\"text\" name=\"form_fields[field_e9c956d]\" id=\"form-field-field_e9c956d\" class=\"elementor-field elementor-size-sm  elementor-field-textual\" placeholder=\"Telefonnummer\" required=\"required\">\n\t\t\t\t\t\t\t\t\t\t\t<\/div>\n\t\t\t\t\t\t\t\t<div class=\"elementor-field-type-textarea elementor-field-group elementor-column elementor-field-group-message elementor-col-100\">\n\t\t\t\t\t\t\t\t\t\t\t\t<label for=\"form-field-message\" class=\"elementor-field-label elementor-screen-only\">\n\t\t\t\t\t\t\t\tMessage\t\t\t\t\t\t\t<\/label>\n\t\t\t\t\t\t<textarea class=\"elementor-field-textual elementor-field  elementor-size-sm\" name=\"form_fields[message]\" id=\"form-field-message\" rows=\"4\" placeholder=\"Hva trenger du?\"><\/textarea>\t\t\t\t<\/div>\n\t\t\t\t\t\t\t\t<div class=\"elementor-field-group elementor-column elementor-field-type-submit elementor-col-100 e-form__buttons\">\n\t\t\t\t\t<button class=\"elementor-button elementor-size-sm\" type=\"submit\">\n\t\t\t\t\t\t<span class=\"elementor-button-content-wrapper\">\n\t\t\t\t\t\t\t\t\t\t\t\t\t\t\t\t\t\t\t\t\t\t<span class=\"elementor-button-text\">Send<\/span>\n\t\t\t\t\t\t\t\t\t\t\t\t\t<\/span>\n\t\t\t\t\t<\/button>\n\t\t\t\t<\/div>\n\t\t\t<\/div>\n\t\t<input\n                    class=\"apbct_special_field apbct_email_id__elementor_form\"\n                    name=\"apbct__email_id__elementor_form\"\n                    aria-label=\"apbct__label_id__elementor_form\"\n                    type=\"text\" size=\"30\" maxlength=\"200\" autocomplete=\"off\"\n                    value=\"\"\n                \/><\/form>\n\t\t\t\t\t\t<\/div>\n\t\t\t\t<\/div>\n\t\t\t\t\t<\/div>\n\t\t\t\t<\/div>\n\t\t\t\t<\/div>\n\t\t","protected":false},"excerpt":{"rendered":"<p>\u00c5penhetsloven \u00c5penhetsloven er en \u00abLov om virksomheters\u00a0\u00e5penhet og arbeid med grunnleggende menneskerettigheter og anstendige arbeidsforhold\u00bb\u00a0som tr\u00e5dte i kraft 1 juli 2022. Norske Backer er underlagt denne loven, og plikter derfor \u00e5 gjennomf\u00f8re unders\u00f8kelser og tiltak i henhold til dette. Vi mener dette er en viktig og n\u00f8dvendig lov, som har til hensikt \u00e5 \u00abfremme virksomheters [&hellip;]<\/p>\n","protected":false},"author":1,"featured_media":0,"parent":0,"menu_order":0,"comment_status":"closed","ping_status":"closed","template":"","meta":{"_acf_changed":false,"footnotes":""},"class_list":["post-1090","page","type-page","status-publish","hentry"],"acf":[],"_links":{"self":[{"href":"https:\/\/norskebacker.no\/en\/wp-json\/wp\/v2\/pages\/1090","targetHints":{"allow":["GET"]}}],"collection":[{"href":"https:\/\/norskebacker.no\/en\/wp-json\/wp\/v2\/pages"}],"about":[{"href":"https:\/\/norskebacker.no\/en\/wp-json\/wp\/v2\/types\/page"}],"author":[{"embeddable":true,"href":"https:\/\/norskebacker.no\/en\/wp-json\/wp\/v2\/users\/1"}],"replies":[{"embeddable":true,"href":"https:\/\/norskebacker.no\/en\/wp-json\/wp\/v2\/comments?post=1090"}],"version-history":[{"count":5,"href":"https:\/\/norskebacker.no\/en\/wp-json\/wp\/v2\/pages\/1090\/revisions"}],"predecessor-version":[{"id":13874,"href":"https:\/\/norskebacker.no\/en\/wp-json\/wp\/v2\/pages\/1090\/revisions\/13874"}],"wp:attachment":[{"href":"https:\/\/norskebacker.no\/en\/wp-json\/wp\/v2\/media?parent=1090"}],"curies":[{"name":"wp","href":"https:\/\/api.w.org\/{rel}","templated":true}]}}