{"id":1097,"date":"2024-03-26T10:29:46","date_gmt":"2024-03-26T10:29:46","guid":{"rendered":"https:\/\/norskebacker.no\/?page_id=1097"},"modified":"2024-04-25T21:09:52","modified_gmt":"2024-04-25T21:09:52","slug":"var-historie","status":"publish","type":"page","link":"https:\/\/norskebacker.no\/en\/our-history\/","title":{"rendered":"Our history"},"content":{"rendered":"<div data-elementor-type=\"wp-page\" data-elementor-id=\"1097\" class=\"elementor elementor-1097\" data-elementor-post-type=\"page\">\n\t\t\t\t<div class=\"elementor-element elementor-element-4f2497f e-con-full e-flex e-con e-parent\" data-id=\"4f2497f\" data-element_type=\"container\" data-e-type=\"container\" data-settings=\"{&quot;background_background&quot;:&quot;classic&quot;}\">\n\t\t\t\t<div class=\"elementor-element elementor-element-0c3fc38 elementor-widget elementor-widget-spacer\" data-id=\"0c3fc38\" data-element_type=\"widget\" data-e-type=\"widget\" data-widget_type=\"spacer.default\">\n\t\t\t\t<div class=\"elementor-widget-container\">\n\t\t\t\t\t\t\t<div class=\"elementor-spacer\">\n\t\t\t<div class=\"elementor-spacer-inner\"><\/div>\n\t\t<\/div>\n\t\t\t\t\t\t<\/div>\n\t\t\t\t<\/div>\n\t\t\t\t<\/div>\n\t\t<div class=\"elementor-element elementor-element-25c8dc1 e-flex e-con-boxed e-con e-parent\" data-id=\"25c8dc1\" data-element_type=\"container\" data-e-type=\"container\">\n\t\t\t\t\t<div class=\"e-con-inner\">\n\t\t\t\t<div class=\"elementor-element elementor-element-e281ac6 elementor-widget elementor-widget-heading\" data-id=\"e281ac6\" data-element_type=\"widget\" data-e-type=\"widget\" data-widget_type=\"heading.default\">\n\t\t\t\t<div class=\"elementor-widget-container\">\n\t\t\t\t\t<h1 class=\"elementor-heading-title elementor-size-default\">Our history<\/h1>\t\t\t\t<\/div>\n\t\t\t\t<\/div>\n\t\t\t\t\t<\/div>\n\t\t\t\t<\/div>\n\t\t<div class=\"elementor-element elementor-element-7956f7f e-flex e-con-boxed e-con e-parent\" data-id=\"7956f7f\" data-element_type=\"container\" data-e-type=\"container\">\n\t\t\t\t\t<div class=\"e-con-inner\">\n\t\t<div class=\"elementor-element elementor-element-3f3c234 e-con-full e-flex e-con e-child\" data-id=\"3f3c234\" data-element_type=\"container\" data-e-type=\"container\">\n\t\t\t\t<div class=\"elementor-element elementor-element-f97b004 elementor-widget elementor-widget-text-editor\" data-id=\"f97b004\" data-element_type=\"widget\" data-e-type=\"widget\" data-widget_type=\"text-editor.default\">\n\t\t\t\t<div class=\"elementor-widget-container\">\n\t\t\t\t\t\t\t\t\t<p><strong>Christian Backer from the town of Flisa<\/strong>\u00a0is the originator of the revolutionary Backer process. As a result of this process, the world received a new heating solution that was easy to adapt to the different needs of both households and industry \u2013 the so-called Backer element.<\/p><p>The basic and unique idea was named the\u00a0<strong>Backer process.<\/strong>The basic patent dates from\u00a0<strong>1921<\/strong>\u00a0and has been continuously supplemented and refined with a number of follow-up patents. Christian Backer\u2019s goal was to develop a product that could be used as a heating element in an electric hotplate. His idea was that the electric hob should become an alternative to the gas and wood stove.<\/p><p>History shows that the heating element could be used for much more than just the electric hob, and Norske Backer has specialized in this.<\/p><p>\u00a0<\/p><h2><strong>Norske Backer today<\/strong><\/h2><p>Today, Norske Backer is located in purpose-built production premises on the SIVA Industrial Area in Kongsvinger. This is where we have all our production and operations. Our expertise is tailor-made electric heating solutions adapted to our customers\u2019 needs. We have general and high expertise in the production of electric heating elements, and are also certified for explosion-proof products for, among other things, the oil and gas industry. The relationship with most customers is long-term, and we are often involved in the customers\u2019 development work. We have a strong focus on offering tailor-made solutions of high quality and with a long shelf life, optimized to meet our customers\u2019 heating needs. We also produce a selection of typical standard products for, among other things, the plumbing and ventilation industry.<\/p><p>As of today, there are\u00a0<strong>59 employees<\/strong>\u00a0in Norske Backer who are divided between the mechanical department, production, sales and administration. We also have a sales department in Moss.<\/p><p>Norske Backer is part of the Backer group, which has its head office in S\u00f6sdala in Sweden. The Backer group is owned by Nibe Elements, which is part of the Nibe Industrier group. See\u00a0<a href=\"http:\/\/www.nibe.com\/\" target=\"_blank\" rel=\"noopener\">www.nibe.com<\/a>\u00a0for more information.<\/p>\t\t\t\t\t\t\t\t<\/div>\n\t\t\t\t<\/div>\n\t\t\t\t<\/div>\n\t\t<div class=\"elementor-element elementor-element-7e73ee7 e-con-full e-flex e-con e-child\" data-id=\"7e73ee7\" data-element_type=\"container\" data-e-type=\"container\">\n\t\t\t\t<div class=\"elementor-element elementor-element-c8953e7 elementor-widget elementor-widget-text-editor\" data-id=\"c8953e7\" data-element_type=\"widget\" data-e-type=\"widget\" data-widget_type=\"text-editor.default\">\n\t\t\t\t<div class=\"elementor-widget-container\">\n\t\t\t\t\t\t\t\t\t<p>Read more about...<\/p><p><a href=\"https:\/\/norskebacker.no\/en\/business-idea-and-vision\/\">Business idea and vision<\/a><br \/><a href=\"\/en\/presentasjoner\/\">Employee presentations<\/a><br \/><a href=\"https:\/\/norskebacker.no\/en\/work-with-us\/\">Work with us<\/a><br \/><a href=\"https:\/\/norskebacker.no\/en\/certificates\/\">Certificates<\/a><br \/><a href=\"https:\/\/norskebacker.no\/en\/privacy-policy-norske-backer\/\">Privacy policy<\/a><br \/><a href=\"https:\/\/norskebacker.no\/en\/brochures-and-documentation\/\">Brochures and data sheets<\/a><\/p>\t\t\t\t\t\t\t\t<\/div>\n\t\t\t\t<\/div>\n\t\t\t\t<\/div>\n\t\t\t\t\t<\/div>\n\t\t\t\t<\/div>\n\t\t\t\t<\/div>","protected":false},"excerpt":{"rendered":"<p>V\u00e5r historie Christian Backer fra tettstedet Flisa\u00a0er opphavsmannen til den revolusjonerende Backer- prosessen. Som et resultat av denne prosessen fikk verden en ny oppvarmingsl\u00f8sning som var lett \u00e5 tilpasse de forskjellige behov innen b\u00e5de husholdning og industri \u2013 det s\u00e5kalte Backer- elementet. Den grunnleggende og unike id\u00e9en fikk navnet\u00a0Backer-prosessen. Grunnpatentet er fra\u00a01921\u00a0og har kontinuerlig blitt [&hellip;]<\/p>\n","protected":false},"author":1,"featured_media":0,"parent":0,"menu_order":0,"comment_status":"closed","ping_status":"closed","template":"","meta":{"_acf_changed":false,"footnotes":""},"class_list":["post-1097","page","type-page","status-publish","hentry"],"acf":[],"_links":{"self":[{"href":"https:\/\/norskebacker.no\/en\/wp-json\/wp\/v2\/pages\/1097","targetHints":{"allow":["GET"]}}],"collection":[{"href":"https:\/\/norskebacker.no\/en\/wp-json\/wp\/v2\/pages"}],"about":[{"href":"https:\/\/norskebacker.no\/en\/wp-json\/wp\/v2\/types\/page"}],"author":[{"embeddable":true,"href":"https:\/\/norskebacker.no\/en\/wp-json\/wp\/v2\/users\/1"}],"replies":[{"embeddable":true,"href":"https:\/\/norskebacker.no\/en\/wp-json\/wp\/v2\/comments?post=1097"}],"version-history":[{"count":5,"href":"https:\/\/norskebacker.no\/en\/wp-json\/wp\/v2\/pages\/1097\/revisions"}],"predecessor-version":[{"id":12676,"href":"https:\/\/norskebacker.no\/en\/wp-json\/wp\/v2\/pages\/1097\/revisions\/12676"}],"wp:attachment":[{"href":"https:\/\/norskebacker.no\/en\/wp-json\/wp\/v2\/media?parent=1097"}],"curies":[{"name":"wp","href":"https:\/\/api.w.org\/{rel}","templated":true}]}}