{"id":1099,"date":"2024-03-26T10:30:29","date_gmt":"2024-03-26T10:30:29","guid":{"rendered":"https:\/\/norskebacker.no\/?page_id=1099"},"modified":"2025-09-02T09:41:08","modified_gmt":"2025-09-02T09:41:08","slug":"forretningside-og-visjon","status":"publish","type":"page","link":"https:\/\/norskebacker.no\/en\/business-idea-and-vision\/","title":{"rendered":"Business idea and vision"},"content":{"rendered":"<div data-elementor-type=\"wp-page\" data-elementor-id=\"1099\" class=\"elementor elementor-1099\" data-elementor-post-type=\"page\">\n\t\t\t\t<div class=\"elementor-element elementor-element-4f2497f e-con-full e-flex e-con e-parent\" data-id=\"4f2497f\" data-element_type=\"container\" data-e-type=\"container\" data-settings=\"{&quot;background_background&quot;:&quot;classic&quot;}\">\n\t\t\t\t<div class=\"elementor-element elementor-element-0c3fc38 elementor-widget elementor-widget-spacer\" data-id=\"0c3fc38\" data-element_type=\"widget\" data-e-type=\"widget\" data-widget_type=\"spacer.default\">\n\t\t\t\t<div class=\"elementor-widget-container\">\n\t\t\t\t\t\t\t<div class=\"elementor-spacer\">\n\t\t\t<div class=\"elementor-spacer-inner\"><\/div>\n\t\t<\/div>\n\t\t\t\t\t\t<\/div>\n\t\t\t\t<\/div>\n\t\t\t\t<\/div>\n\t\t<div class=\"elementor-element elementor-element-7956f7f e-flex e-con-boxed e-con e-parent\" data-id=\"7956f7f\" data-element_type=\"container\" data-e-type=\"container\">\n\t\t\t\t\t<div class=\"e-con-inner\">\n\t\t<div class=\"elementor-element elementor-element-3f3c234 e-con-full e-flex e-con e-child\" data-id=\"3f3c234\" data-element_type=\"container\" data-e-type=\"container\">\n\t\t\t\t<div class=\"elementor-element elementor-element-e281ac6 elementor-widget elementor-widget-heading\" data-id=\"e281ac6\" data-element_type=\"widget\" data-e-type=\"widget\" data-widget_type=\"heading.default\">\n\t\t\t\t<div class=\"elementor-widget-container\">\n\t\t\t\t\t<h1 class=\"elementor-heading-title elementor-size-default\">Business idea and vision<\/h1>\t\t\t\t<\/div>\n\t\t\t\t<\/div>\n\t\t\t\t<div class=\"elementor-element elementor-element-f97b004 elementor-widget elementor-widget-text-editor\" data-id=\"f97b004\" data-element_type=\"widget\" data-e-type=\"widget\" data-widget_type=\"text-editor.default\">\n\t\t\t\t<div class=\"elementor-widget-container\">\n\t\t\t\t\t\t\t\t\t<p><strong>Our business idea and vision for the future<\/strong><br \/>At Norske Backer, we have recently renewed and updated our business idea and vision. These are not just words on paper; they are a clear guideline for how we run our business today, and how we will shape tomorrow. These changes reflect our commitment to innovation, customer satisfaction and sustainability.<\/p><p><strong>Our business idea: Your partner in electric heating<\/strong><br \/>Our new mission statement is closely aligned with our current operations and serves as a clear guide to how we will achieve our ambitious goals. It reads as follows:<br \/><br \/><em>\u201cNorske Backer must supply both tailored and standardized products and components for electric heating, in order to satisfy the customers\u2019 needs and wishes. We deliver durable, high-quality products, developed with the help of long experience and high expertise. Through our project Backer Switch, we also want to help other businesses with the transition to the use of renewable energy rather than fossil fuels. Our largest customers mainly belong to various forms of process industry, maritime and the oil and gas industry.\u201d<br \/><br \/><\/em><strong>In practice, this means that we:<\/strong><\/p><ul><li>Offering a breadth of solutions, from unique customizations to reliable standard products.<\/li><li>Prioritizing durability and quality, built on our long experience and deep expertise in the industry.<\/li><li>Is an active contributor to the green shift through Backer Switch, where we help companies replace fossil energy sources with renewable electric heating.<\/li><li>Focusing on key industries such as the process industry, the maritime sector and the oil and gas industry, where our solutions make a real difference.<\/li><\/ul><p>\u00a0<\/p><p><strong>Our vision: Leading and sustainable in the market<\/strong><br \/>We have also defined a new, overarching goal for our business - a vision we can be proud to work towards every single day. Our new vision is:<\/p><p><em>\"Norske Backer will become the market's leading and most sustainable supplier of customized solutions for electric heating.\"<\/em><\/p><p>\u00a0<\/p><p><strong>This vision drives us forward and commits us to:<\/strong><\/p><ul><li>To be innovative and forward-looking, so that we always offer the best and most relevant solutions.<\/li><li>To take a leading role in the market, both in terms of quality, service and technological development.<\/li><li>To have a strong focus on sustainability in everything we do, from manufacturing to product lifecycle, and actively promote the use of clean energy.<\/li><li>To continue to deliver tailored solutions that meet the most complex and specific needs of our customers.<\/li><\/ul><p>\u00a0<\/p><p>We invite you to join us on this journey towards a more efficient and sustainable future for electric heating!<\/p>\t\t\t\t\t\t\t\t<\/div>\n\t\t\t\t<\/div>\n\t\t\t\t<\/div>\n\t\t<div class=\"elementor-element elementor-element-7e73ee7 e-con-full e-flex e-con e-child\" data-id=\"7e73ee7\" data-element_type=\"container\" data-e-type=\"container\">\n\t\t\t\t<\/div>\n\t\t\t\t\t<\/div>\n\t\t\t\t<\/div>\n\t\t\t\t<\/div>","protected":false},"excerpt":{"rendered":"<p>Forretningsid\u00e9 og visjon V\u00e5r forretningsid\u00e9 og visjon for fremtidenHos Norske Backer har vi nylig fornyet og oppdatert forretningsid\u00e9en og visjonen v\u00e5res. Dette er ikke bare ord p\u00e5 papiret; det er en klar retningslinje for hvordan vi driver virksomheten v\u00e5res i dag, og hvordan vi skal forme morgendagen. Disse endringene reflekterer engasjementet v\u00e5res for innovasjon, kundetilfredshet [&hellip;]<\/p>\n","protected":false},"author":1,"featured_media":0,"parent":0,"menu_order":0,"comment_status":"closed","ping_status":"closed","template":"","meta":{"_acf_changed":false,"footnotes":""},"class_list":["post-1099","page","type-page","status-publish","hentry"],"acf":[],"_links":{"self":[{"href":"https:\/\/norskebacker.no\/en\/wp-json\/wp\/v2\/pages\/1099","targetHints":{"allow":["GET"]}}],"collection":[{"href":"https:\/\/norskebacker.no\/en\/wp-json\/wp\/v2\/pages"}],"about":[{"href":"https:\/\/norskebacker.no\/en\/wp-json\/wp\/v2\/types\/page"}],"author":[{"embeddable":true,"href":"https:\/\/norskebacker.no\/en\/wp-json\/wp\/v2\/users\/1"}],"replies":[{"embeddable":true,"href":"https:\/\/norskebacker.no\/en\/wp-json\/wp\/v2\/comments?post=1099"}],"version-history":[{"count":5,"href":"https:\/\/norskebacker.no\/en\/wp-json\/wp\/v2\/pages\/1099\/revisions"}],"predecessor-version":[{"id":14456,"href":"https:\/\/norskebacker.no\/en\/wp-json\/wp\/v2\/pages\/1099\/revisions\/14456"}],"wp:attachment":[{"href":"https:\/\/norskebacker.no\/en\/wp-json\/wp\/v2\/media?parent=1099"}],"curies":[{"name":"wp","href":"https:\/\/api.w.org\/{rel}","templated":true}]}}