{"id":11942,"date":"2024-04-04T09:26:20","date_gmt":"2024-04-04T09:26:20","guid":{"rendered":"https:\/\/norskebacker.no\/?page_id=11942"},"modified":"2025-02-10T11:00:40","modified_gmt":"2025-02-10T11:00:40","slug":"aktuelt-baerekraft","status":"publish","type":"page","link":"https:\/\/norskebacker.no\/en\/news-sustainability\/","title":{"rendered":"News sustainability"},"content":{"rendered":"<div data-elementor-type=\"wp-page\" data-elementor-id=\"11942\" class=\"elementor elementor-11942\" data-elementor-post-type=\"page\">\n\t\t\t\t<div class=\"elementor-element elementor-element-0d1d8d3 e-flex e-con-boxed e-con e-parent\" data-id=\"0d1d8d3\" data-element_type=\"container\" data-e-type=\"container\">\n\t\t\t\t\t<div class=\"e-con-inner\">\n\t\t\t\t<div class=\"elementor-element elementor-element-dc5caac elementor-widget elementor-widget-heading\" data-id=\"dc5caac\" data-element_type=\"widget\" data-e-type=\"widget\" data-widget_type=\"heading.default\">\n\t\t\t\t<div class=\"elementor-widget-container\">\n\t\t\t\t\t<h1 class=\"elementor-heading-title elementor-size-default\">Latest news from Norske Backer<\/h1>\t\t\t\t<\/div>\n\t\t\t\t<\/div>\n\t\t\t\t<div class=\"elementor-element elementor-element-d7ed53e elementor-widget elementor-widget-text-editor\" data-id=\"d7ed53e\" data-element_type=\"widget\" data-e-type=\"widget\" data-widget_type=\"text-editor.default\">\n\t\t\t\t<div class=\"elementor-widget-container\">\n\t\t\t\t\t\t\t\t\t<p>We want to be open about our work and progress with sustainable development and would like to take you on our journey towards even more sustainable operations. <br \/>We have therefore created a separate news page here for sustainability where we will continuously post progress reports from our sustainability work.<\/p>\t\t\t\t\t\t\t\t<\/div>\n\t\t\t\t<\/div>\n\t\t\t\t<div class=\"elementor-element elementor-element-b61d5cc elementor-posts--align-left elementor-grid-3 elementor-grid-tablet-2 elementor-grid-mobile-1 elementor-posts--thumbnail-top elementor-card-shadow-yes elementor-posts__hover-gradient elementor-widget elementor-widget-posts\" data-id=\"b61d5cc\" data-element_type=\"widget\" data-e-type=\"widget\" data-settings=\"{&quot;cards_columns&quot;:&quot;3&quot;,&quot;cards_columns_tablet&quot;:&quot;2&quot;,&quot;cards_columns_mobile&quot;:&quot;1&quot;,&quot;cards_row_gap&quot;:{&quot;unit&quot;:&quot;px&quot;,&quot;size&quot;:35,&quot;sizes&quot;:[]},&quot;cards_row_gap_tablet&quot;:{&quot;unit&quot;:&quot;px&quot;,&quot;size&quot;:&quot;&quot;,&quot;sizes&quot;:[]},&quot;cards_row_gap_mobile&quot;:{&quot;unit&quot;:&quot;px&quot;,&quot;size&quot;:&quot;&quot;,&quot;sizes&quot;:[]}}\" data-widget_type=\"posts.cards\">\n\t\t\t\t<div class=\"elementor-widget-container\">\n\t\t\t\t\t\t\t<div class=\"elementor-posts-container elementor-posts elementor-posts--skin-cards elementor-grid\" role=\"list\">\n\t\t\t\t<article class=\"elementor-post elementor-grid-item post-14660 post type-post status-publish format-standard has-post-thumbnail hentry category-gront-skifte category-baerekraftig category-green-shift category-news category-nyheter category-sustainability\" role=\"listitem\">\n\t\t\t<div class=\"elementor-post__card\">\n\t\t\t\t<a class=\"elementor-post__thumbnail__link\" href=\"https:\/\/norskebacker.no\/en\/strommangel-bremser-klimakutt-og-verdiskaping-i-kongsvinger-regionen\/\" tabindex=\"-1\"><div class=\"elementor-post__thumbnail\"><img fetchpriority=\"high\" decoding=\"async\" width=\"2560\" height=\"1707\" src=\"https:\/\/norskebacker.no\/wp-content\/uploads\/2025\/08\/Norske-Backer-AS-46-scaled.jpg\" class=\"attachment-full size-full wp-image-14344\" alt=\"En som lager spesialtilpassede varmebatterier\" srcset=\"https:\/\/norskebacker.no\/wp-content\/uploads\/2025\/08\/Norske-Backer-AS-46-scaled.jpg 2560w, https:\/\/norskebacker.no\/wp-content\/uploads\/2025\/08\/Norske-Backer-AS-46-scaled-600x400.jpg 600w, https:\/\/norskebacker.no\/wp-content\/uploads\/2025\/08\/Norske-Backer-AS-46-300x200.jpg 300w, https:\/\/norskebacker.no\/wp-content\/uploads\/2025\/08\/Norske-Backer-AS-46-1024x683.jpg 1024w, https:\/\/norskebacker.no\/wp-content\/uploads\/2025\/08\/Norske-Backer-AS-46-768x512.jpg 768w, https:\/\/norskebacker.no\/wp-content\/uploads\/2025\/08\/Norske-Backer-AS-46-1536x1024.jpg 1536w, https:\/\/norskebacker.no\/wp-content\/uploads\/2025\/08\/Norske-Backer-AS-46-2048x1365.jpg 2048w, https:\/\/norskebacker.no\/wp-content\/uploads\/2025\/08\/Norske-Backer-AS-46-18x12.jpg 18w\" sizes=\"(max-width: 2560px) 100vw, 2560px\" \/><\/div><\/a>\n\t\t\t\t<div class=\"elementor-post__badge\">Green shift<\/div>\n\t\t\t\t<div class=\"elementor-post__text\">\n\t\t\t\t<h3 class=\"elementor-post__title\">\n\t\t\t<a href=\"https:\/\/norskebacker.no\/en\/strommangel-bremser-klimakutt-og-verdiskaping-i-kongsvinger-regionen\/\">\n\t\t\t\tPower shortage slows down climate cuts and value creation in the Kongsvinger region\t\t\t<\/a>\n\t\t<\/h3>\n\t\t\t\t<div class=\"elementor-post__excerpt\">\n\t\t\t<p>Norske Backer is experiencing strong demand from industrial companies that want to replace gas and diesel burners with electric heating. Bottlenecks in the power grid make it difficult to deliver.<\/p>\n\t\t<\/div>\n\t\t\n\t\t<a class=\"elementor-post__read-more\" href=\"https:\/\/norskebacker.no\/en\/strommangel-bremser-klimakutt-og-verdiskaping-i-kongsvinger-regionen\/\" aria-label=\"Read more about Str\u00f8mmangel bremser klimakutt og verdiskaping i Kongsvinger-regionen\" tabindex=\"-1\">\n\t\t\tREAD MORE &gt;&gt;\t\t<\/a>\n\n\t\t\t\t<\/div>\n\t\t\t\t<div class=\"elementor-post__meta-data\">\n\t\t\t\t\t<span class=\"elementor-post-date\">\n\t\t\tOctober 13, 2025\t\t<\/span>\n\t\t\t\t<\/div>\n\t\t\t\t\t<\/div>\n\t\t<\/article>\n\t\t\t\t<article class=\"elementor-post elementor-grid-item post-14555 post type-post status-publish format-standard has-post-thumbnail hentry category-baerekraftig\" role=\"listitem\">\n\t\t\t<div class=\"elementor-post__card\">\n\t\t\t\t<a class=\"elementor-post__thumbnail__link\" href=\"https:\/\/norskebacker.no\/en\/gjenbruk-hos-norske-backer-og-reproduksjon-av-varmekolber\/\" tabindex=\"-1\"><div class=\"elementor-post__thumbnail\"><img decoding=\"async\" width=\"1042\" height=\"462\" src=\"https:\/\/norskebacker.no\/wp-content\/uploads\/2025\/09\/eksempel-flenser.jpg\" class=\"attachment-full size-full wp-image-14558\" alt=\"Brukte flenser som brukes til reproduksjon av varmekolber\" srcset=\"https:\/\/norskebacker.no\/wp-content\/uploads\/2025\/09\/eksempel-flenser.jpg 1042w, https:\/\/norskebacker.no\/wp-content\/uploads\/2025\/09\/eksempel-flenser-600x266.jpg 600w, https:\/\/norskebacker.no\/wp-content\/uploads\/2025\/09\/eksempel-flenser-300x133.jpg 300w, https:\/\/norskebacker.no\/wp-content\/uploads\/2025\/09\/eksempel-flenser-1024x454.jpg 1024w, https:\/\/norskebacker.no\/wp-content\/uploads\/2025\/09\/eksempel-flenser-768x341.jpg 768w, https:\/\/norskebacker.no\/wp-content\/uploads\/2025\/09\/eksempel-flenser-18x8.jpg 18w\" sizes=\"(max-width: 1042px) 100vw, 1042px\" \/><\/div><\/a>\n\t\t\t\t<div class=\"elementor-post__badge\">Sustainability<\/div>\n\t\t\t\t<div class=\"elementor-post__text\">\n\t\t\t\t<h3 class=\"elementor-post__title\">\n\t\t\t<a href=\"https:\/\/norskebacker.no\/en\/gjenbruk-hos-norske-backer-og-reproduksjon-av-varmekolber\/\">\n\t\t\t\tReuse at Norske Backer and reproduction of heating flasks\t\t\t<\/a>\n\t\t<\/h3>\n\t\t\t\t<div class=\"elementor-post__excerpt\">\n\t\t\t<p>At Norske Backer, we are committed to reuse and recycling as part of our sustainability work. We want to find solutions that make<\/p>\n\t\t<\/div>\n\t\t\n\t\t<a class=\"elementor-post__read-more\" href=\"https:\/\/norskebacker.no\/en\/gjenbruk-hos-norske-backer-og-reproduksjon-av-varmekolber\/\" aria-label=\"Read more about Gjenbruk hos Norske Backer og reproduksjon av varmekolber\" tabindex=\"-1\">\n\t\t\tREAD MORE &gt;&gt;\t\t<\/a>\n\n\t\t\t\t<\/div>\n\t\t\t\t<div class=\"elementor-post__meta-data\">\n\t\t\t\t\t<span class=\"elementor-post-date\">\n\t\t\tSeptember 23, 2025\t\t<\/span>\n\t\t\t\t<\/div>\n\t\t\t\t\t<\/div>\n\t\t<\/article>\n\t\t\t\t<article class=\"elementor-post elementor-grid-item post-14501 post type-post status-publish format-standard has-post-thumbnail hentry category-baerekraftig\" role=\"listitem\">\n\t\t\t<div class=\"elementor-post__card\">\n\t\t\t\t<a class=\"elementor-post__thumbnail__link\" href=\"https:\/\/norskebacker.no\/en\/backer-switch-skreddersydd-overgang-til-elektrisk-oppvarming\/\" tabindex=\"-1\"><div class=\"elementor-post__thumbnail\"><img decoding=\"async\" width=\"860\" height=\"440\" src=\"https:\/\/norskebacker.no\/wp-content\/uploads\/2025\/09\/backerswitch-bilde.jpg\" class=\"attachment-full size-full wp-image-14511\" alt=\"To menn som jobber med skreddersydd overgang til elektrisk oppvarming\" srcset=\"https:\/\/norskebacker.no\/wp-content\/uploads\/2025\/09\/backerswitch-bilde.jpg 860w, https:\/\/norskebacker.no\/wp-content\/uploads\/2025\/09\/backerswitch-bilde-600x307.jpg 600w, https:\/\/norskebacker.no\/wp-content\/uploads\/2025\/09\/backerswitch-bilde-300x153.jpg 300w, https:\/\/norskebacker.no\/wp-content\/uploads\/2025\/09\/backerswitch-bilde-768x393.jpg 768w, https:\/\/norskebacker.no\/wp-content\/uploads\/2025\/09\/backerswitch-bilde-18x9.jpg 18w\" sizes=\"(max-width: 860px) 100vw, 860px\" \/><\/div><\/a>\n\t\t\t\t<div class=\"elementor-post__badge\">Sustainability<\/div>\n\t\t\t\t<div class=\"elementor-post__text\">\n\t\t\t\t<h3 class=\"elementor-post__title\">\n\t\t\t<a href=\"https:\/\/norskebacker.no\/en\/backer-switch-skreddersydd-overgang-til-elektrisk-oppvarming\/\">\n\t\t\t\tBacker Switch - tailor-made transition to electric heating\t\t\t<\/a>\n\t\t<\/h3>\n\t\t\t\t<div class=\"elementor-post__excerpt\">\n\t\t\t<p>Backer Switch makes it easier for industrial companies to switch from fossil fuel heating solutions to electric alternatives. With a structured three-step process and close collaboration with our design engineers,<\/p>\n\t\t<\/div>\n\t\t\n\t\t<a class=\"elementor-post__read-more\" href=\"https:\/\/norskebacker.no\/en\/backer-switch-skreddersydd-overgang-til-elektrisk-oppvarming\/\" aria-label=\"Read more about Backer Switch - tailor-made transition to electric heating\" tabindex=\"-1\">\n\t\t\tREAD MORE &gt;&gt;\t\t<\/a>\n\n\t\t\t\t<\/div>\n\t\t\t\t<div class=\"elementor-post__meta-data\">\n\t\t\t\t\t<span class=\"elementor-post-date\">\n\t\t\tSeptember 3, 2025\t\t<\/span>\n\t\t\t\t<\/div>\n\t\t\t\t\t<\/div>\n\t\t<\/article>\n\t\t\t\t<article class=\"elementor-post elementor-grid-item post-13831 post type-post status-publish format-standard has-post-thumbnail hentry category-baerekraftig\" role=\"listitem\">\n\t\t\t<div class=\"elementor-post__card\">\n\t\t\t\t<a class=\"elementor-post__thumbnail__link\" href=\"https:\/\/norskebacker.no\/en\/baerekraftsrapport-2024-et-gronnere-fotavtrykk-og-et-sterkere-fellesskap\/\" tabindex=\"-1\"><div class=\"elementor-post__thumbnail\"><img loading=\"lazy\" decoding=\"async\" width=\"1200\" height=\"800\" src=\"https:\/\/norskebacker.no\/wp-content\/uploads\/2025\/06\/baerekraftsrapporten2024.jpg\" class=\"attachment-full size-full wp-image-13833\" alt=\"Image of a man welding on the cover of the sustainability report\" srcset=\"https:\/\/norskebacker.no\/wp-content\/uploads\/2025\/06\/baerekraftsrapporten2024.jpg 1200w, https:\/\/norskebacker.no\/wp-content\/uploads\/2025\/06\/baerekraftsrapporten2024-600x400.jpg 600w, https:\/\/norskebacker.no\/wp-content\/uploads\/2025\/06\/baerekraftsrapporten2024-300x200.jpg 300w, https:\/\/norskebacker.no\/wp-content\/uploads\/2025\/06\/baerekraftsrapporten2024-1024x683.jpg 1024w, https:\/\/norskebacker.no\/wp-content\/uploads\/2025\/06\/baerekraftsrapporten2024-768x512.jpg 768w, https:\/\/norskebacker.no\/wp-content\/uploads\/2025\/06\/baerekraftsrapporten2024-18x12.jpg 18w\" sizes=\"(max-width: 1200px) 100vw, 1200px\" \/><\/div><\/a>\n\t\t\t\t<div class=\"elementor-post__badge\">Sustainability<\/div>\n\t\t\t\t<div class=\"elementor-post__text\">\n\t\t\t\t<h3 class=\"elementor-post__title\">\n\t\t\t<a href=\"https:\/\/norskebacker.no\/en\/baerekraftsrapport-2024-et-gronnere-fotavtrykk-og-et-sterkere-fellesskap\/\">\n\t\t\t\tSustainability report 2024: A greener footprint and a stronger community\t\t\t<\/a>\n\t\t<\/h3>\n\t\t\t\t<div class=\"elementor-post__excerpt\">\n\t\t\t<p>At Norske Backer, we are proud to share our 2024 Sustainability Report, which shows how we are working purposefully to reduce our climate footprint and<\/p>\n\t\t<\/div>\n\t\t\n\t\t<a class=\"elementor-post__read-more\" href=\"https:\/\/norskebacker.no\/en\/baerekraftsrapport-2024-et-gronnere-fotavtrykk-og-et-sterkere-fellesskap\/\" aria-label=\"Read more about Sustainability report 2024: A greener footprint and a stronger community\" tabindex=\"-1\">\n\t\t\tREAD MORE &gt;&gt;\t\t<\/a>\n\n\t\t\t\t<\/div>\n\t\t\t\t<div class=\"elementor-post__meta-data\">\n\t\t\t\t\t<span class=\"elementor-post-date\">\n\t\t\tJune 18, 2025\t\t<\/span>\n\t\t\t\t<\/div>\n\t\t\t\t\t<\/div>\n\t\t<\/article>\n\t\t\t\t<article class=\"elementor-post elementor-grid-item post-13639 post type-post status-publish format-standard has-post-thumbnail hentry category-baerekraftig category-news category-nyheter category-sustainability\" role=\"listitem\">\n\t\t\t<div class=\"elementor-post__card\">\n\t\t\t\t<a class=\"elementor-post__thumbnail__link\" href=\"https:\/\/norskebacker.no\/en\/kil-fotball-og-samfunnsansvar\/\" tabindex=\"-1\"><div class=\"elementor-post__thumbnail\"><img loading=\"lazy\" decoding=\"async\" width=\"2560\" height=\"1920\" src=\"https:\/\/norskebacker.no\/wp-content\/uploads\/2025\/04\/IMG_5443-scaled.jpg\" class=\"attachment-full size-full wp-image-13640\" alt=\"Elleve jentespillere fra KIL Fotball, i r\u00f8de KIL drakter og ellers fotballt\u00f8y, st\u00e5r utend\u00f8rs p\u00e5 en solv\u00e6rsdag p\u00e5 en fotballbane.\" srcset=\"https:\/\/norskebacker.no\/wp-content\/uploads\/2025\/04\/IMG_5443-scaled.jpg 2560w, https:\/\/norskebacker.no\/wp-content\/uploads\/2025\/04\/IMG_5443-scaled-600x450.jpg 600w, https:\/\/norskebacker.no\/wp-content\/uploads\/2025\/04\/IMG_5443-300x225.jpg 300w, https:\/\/norskebacker.no\/wp-content\/uploads\/2025\/04\/IMG_5443-1024x768.jpg 1024w, https:\/\/norskebacker.no\/wp-content\/uploads\/2025\/04\/IMG_5443-768x576.jpg 768w, https:\/\/norskebacker.no\/wp-content\/uploads\/2025\/04\/IMG_5443-1536x1152.jpg 1536w, https:\/\/norskebacker.no\/wp-content\/uploads\/2025\/04\/IMG_5443-2048x1536.jpg 2048w, https:\/\/norskebacker.no\/wp-content\/uploads\/2025\/04\/IMG_5443-16x12.jpg 16w\" sizes=\"(max-width: 2560px) 100vw, 2560px\" \/><\/div><\/a>\n\t\t\t\t<div class=\"elementor-post__badge\">Sustainability<\/div>\n\t\t\t\t<div class=\"elementor-post__text\">\n\t\t\t\t<h3 class=\"elementor-post__title\">\n\t\t\t<a href=\"https:\/\/norskebacker.no\/en\/kil-fotball-og-samfunnsansvar\/\">\n\t\t\t\tKIL Football and Social Responsibility: Future Stars\u00a0\t\t\t<\/a>\n\t\t<\/h3>\n\t\t\t\t<div class=\"elementor-post__excerpt\">\n\t\t\t<p>In Norway today, there are a total of 23,228 football teams, of which only 30% are women and girls. To promote women's football, in addition to<\/p>\n\t\t<\/div>\n\t\t\n\t\t<a class=\"elementor-post__read-more\" href=\"https:\/\/norskebacker.no\/en\/kil-fotball-og-samfunnsansvar\/\" aria-label=\"Read more about KIL Football and social responsibility: Stars of the future\u00a0\" tabindex=\"-1\">\n\t\t\tREAD MORE &gt;&gt;\t\t<\/a>\n\n\t\t\t\t<\/div>\n\t\t\t\t<div class=\"elementor-post__meta-data\">\n\t\t\t\t\t<span class=\"elementor-post-date\">\n\t\t\tApril 11, 2025\t\t<\/span>\n\t\t\t\t<\/div>\n\t\t\t\t\t<\/div>\n\t\t<\/article>\n\t\t\t\t<article class=\"elementor-post elementor-grid-item post-13499 post type-post status-publish format-standard has-post-thumbnail hentry category-nyheter category-baerekraftig category-news category-sustainability\" role=\"listitem\">\n\t\t\t<div class=\"elementor-post__card\">\n\t\t\t\t<a class=\"elementor-post__thumbnail__link\" href=\"https:\/\/norskebacker.no\/en\/solceller-gir-store-besparelser\/\" tabindex=\"-1\"><div class=\"elementor-post__thumbnail\"><img loading=\"lazy\" decoding=\"async\" width=\"1200\" height=\"600\" src=\"https:\/\/norskebacker.no\/wp-content\/uploads\/2025\/02\/Solceller.jpg\" class=\"attachment-full size-full wp-image-13501\" alt=\"A roof filled with solar panels\" srcset=\"https:\/\/norskebacker.no\/wp-content\/uploads\/2025\/02\/Solceller.jpg 1200w, https:\/\/norskebacker.no\/wp-content\/uploads\/2025\/02\/Solceller-600x300.jpg 600w, https:\/\/norskebacker.no\/wp-content\/uploads\/2025\/02\/Solceller-300x150.jpg 300w, https:\/\/norskebacker.no\/wp-content\/uploads\/2025\/02\/Solceller-1024x512.jpg 1024w, https:\/\/norskebacker.no\/wp-content\/uploads\/2025\/02\/Solceller-768x384.jpg 768w, https:\/\/norskebacker.no\/wp-content\/uploads\/2025\/02\/Solceller-18x9.jpg 18w\" sizes=\"(max-width: 1200px) 100vw, 1200px\" \/><\/div><\/a>\n\t\t\t\t<div class=\"elementor-post__badge\">News<\/div>\n\t\t\t\t<div class=\"elementor-post__text\">\n\t\t\t\t<h3 class=\"elementor-post__title\">\n\t\t\t<a href=\"https:\/\/norskebacker.no\/en\/solceller-gir-store-besparelser\/\">\n\t\t\t\tNorske Backer Implements Solar Panels for Energy Savings\t\t\t<\/a>\n\t\t<\/h3>\n\t\t\t\t<div class=\"elementor-post__excerpt\">\n\t\t\t<p>After an extensive process, Norske Backer has successfully launched solar panels in full operation as part of our sustainability efforts. The solar panels can reduce our electricity purchases by about 35%<\/p>\n\t\t<\/div>\n\t\t\n\t\t<a class=\"elementor-post__read-more\" href=\"https:\/\/norskebacker.no\/en\/solceller-gir-store-besparelser\/\" aria-label=\"Read more about Solar cells deliver big savings\" tabindex=\"-1\">\n\t\t\tREAD MORE &gt;&gt;\t\t<\/a>\n\n\t\t\t\t<\/div>\n\t\t\t\t<div class=\"elementor-post__meta-data\">\n\t\t\t\t\t<span class=\"elementor-post-date\">\n\t\t\tFebruary 18, 2025\t\t<\/span>\n\t\t\t\t<\/div>\n\t\t\t\t\t<\/div>\n\t\t<\/article>\n\t\t\t\t<\/div>\n\t\t\n\t\t\t\t\t\t<\/div>\n\t\t\t\t<\/div>\n\t\t\t\t\t<\/div>\n\t\t\t\t<\/div>\n\t\t\t\t<\/div>","protected":false},"excerpt":{"rendered":"<p>Latest news from Norske Backer We want to be open about our work and progress with sustainable development, and would like to take you with us on our journey towards even more sustainable operations. We have therefore created a separate news page here for sustainability where we will continuously post progress reports from our sustainability work.<\/p>","protected":false},"author":1,"featured_media":0,"parent":0,"menu_order":0,"comment_status":"closed","ping_status":"closed","template":"","meta":{"_acf_changed":false,"footnotes":""},"class_list":["post-11942","page","type-page","status-publish","hentry"],"acf":[],"_links":{"self":[{"href":"https:\/\/norskebacker.no\/en\/wp-json\/wp\/v2\/pages\/11942","targetHints":{"allow":["GET"]}}],"collection":[{"href":"https:\/\/norskebacker.no\/en\/wp-json\/wp\/v2\/pages"}],"about":[{"href":"https:\/\/norskebacker.no\/en\/wp-json\/wp\/v2\/types\/page"}],"author":[{"embeddable":true,"href":"https:\/\/norskebacker.no\/en\/wp-json\/wp\/v2\/users\/1"}],"replies":[{"embeddable":true,"href":"https:\/\/norskebacker.no\/en\/wp-json\/wp\/v2\/comments?post=11942"}],"version-history":[{"count":5,"href":"https:\/\/norskebacker.no\/en\/wp-json\/wp\/v2\/pages\/11942\/revisions"}],"predecessor-version":[{"id":13244,"href":"https:\/\/norskebacker.no\/en\/wp-json\/wp\/v2\/pages\/11942\/revisions\/13244"}],"wp:attachment":[{"href":"https:\/\/norskebacker.no\/en\/wp-json\/wp\/v2\/media?parent=11942"}],"curies":[{"name":"wp","href":"https:\/\/api.w.org\/{rel}","templated":true}]}}