{"id":12805,"date":"2024-05-29T09:58:18","date_gmt":"2024-05-29T09:58:18","guid":{"rendered":"https:\/\/norskebacker.no\/?page_id=12805"},"modified":"2025-06-04T07:45:38","modified_gmt":"2025-06-04T07:45:38","slug":"montering-faq","status":"publish","type":"page","link":"https:\/\/norskebacker.no\/en\/installation-faq\/","title":{"rendered":"Assembly \/ FAQ"},"content":{"rendered":"<div data-elementor-type=\"wp-page\" data-elementor-id=\"12805\" class=\"elementor elementor-12805\" data-elementor-post-type=\"page\">\n\t\t\t\t<div class=\"elementor-element elementor-element-cda0057 e-flex e-con-boxed e-con e-parent\" data-id=\"cda0057\" data-element_type=\"container\" data-e-type=\"container\">\n\t\t\t\t\t<div class=\"e-con-inner\">\n\t\t\t\t<div class=\"elementor-element elementor-element-a442da0 elementor-widget elementor-widget-spacer\" data-id=\"a442da0\" data-element_type=\"widget\" data-e-type=\"widget\" data-widget_type=\"spacer.default\">\n\t\t\t\t<div class=\"elementor-widget-container\">\n\t\t\t\t\t\t\t<div class=\"elementor-spacer\">\n\t\t\t<div class=\"elementor-spacer-inner\"><\/div>\n\t\t<\/div>\n\t\t\t\t\t\t<\/div>\n\t\t\t\t<\/div>\n\t\t\t\t<div class=\"elementor-element elementor-element-34aeb81 elementor-widget elementor-widget-heading\" data-id=\"34aeb81\" data-element_type=\"widget\" data-e-type=\"widget\" data-widget_type=\"heading.default\">\n\t\t\t\t<div class=\"elementor-widget-container\">\n\t\t\t\t\t<h1 class=\"elementor-heading-title elementor-size-default\">Assembly \/ FAQ<\/h1>\t\t\t\t<\/div>\n\t\t\t\t<\/div>\n\t\t\t\t\t<\/div>\n\t\t\t\t<\/div>\n\t\t<div class=\"elementor-element elementor-element-72dc9ad e-flex e-con-boxed e-con e-parent\" data-id=\"72dc9ad\" data-element_type=\"container\" data-e-type=\"container\">\n\t\t\t\t\t<div class=\"e-con-inner\">\n\t\t\t\t<div class=\"elementor-element elementor-element-9501cd9 elementor-widget elementor-widget-text-editor\" data-id=\"9501cd9\" data-element_type=\"widget\" data-e-type=\"widget\" data-widget_type=\"text-editor.default\">\n\t\t\t\t<div class=\"elementor-widget-container\">\n\t\t\t\t\t\t\t\t\t<p>At Norske Backer we want to make the installation of our products as easy as possible. This page provides you with guidance and answers to frequently asked questions (FAQ) to help you through the installation process.<\/p><p><strong>Assembly instructions:<\/strong><\/p><p>We have created some detailed installation guide videos. These guides contain step-by-step instructions and illustrations to ensure a correct and safe installation.<\/p><p><strong>Frequently Asked Questions (FAQ):<\/strong><\/p><p>Here you will find answers to the most common questions regarding the installation of our products.<\/p><ul><li><strong>Where can I find the assembly instructions for my product?<\/strong><br \/>We have attached some videos with assembly instructions on this page. Any other questions? <a href=\"https:\/\/norskebacker.no\/en\/contact\/\">Please contact us and we will help you further.<\/a><\/li><li><strong>What do I do if I am missing parts?<\/strong><br \/>Contact us immediately if you are missing parts and we will send you the missing parts as quickly as possible.<\/li><li><strong>Where can I find technical information about the product?<\/strong><br \/>Technical information can be found in the product data sheet, which can be found on the product page.<\/li><li><strong>How do I connect the product to power?<\/strong><br \/>Wiring instructions can be found in most product data sheets. If you are unsure, you should contact a qualified electrician.<\/li><li><strong>What is the warranty period for the product?<\/strong><br \/>The warranty period varies depending on the product. Please see the warranty terms on the product page or contact us for more information.<\/li><li><strong>What do I do if the product does not work after installation?<\/strong><br \/>Double check that all connections are correct. If the problem persists, contact us for technical support.<\/li><\/ul><p>\u00a0<\/p><p><strong>Do you need help?<\/strong><\/p><p>If you can't find the answer to your question here, or need further assistance, <a href=\"https:\/\/norskebacker.no\/en\/contact\/\">please feel free to contact us.<\/a>Our experienced technicians will be happy to help you!<\/p>\t\t\t\t\t\t\t\t<\/div>\n\t\t\t\t<\/div>\n\t\t\t\t\t<\/div>\n\t\t\t\t<\/div>\n\t\t<div class=\"elementor-element elementor-element-3b3fa9b e-grid e-con-boxed e-con e-parent\" data-id=\"3b3fa9b\" data-element_type=\"container\" data-e-type=\"container\">\n\t\t\t\t\t<div class=\"e-con-inner\">\n\t\t<div class=\"elementor-element elementor-element-fafbf9e e-flex e-con-boxed e-con e-child\" data-id=\"fafbf9e\" data-element_type=\"container\" data-e-type=\"container\">\n\t\t\t\t\t<div class=\"e-con-inner\">\n\t\t\t\t<div class=\"elementor-element elementor-element-0140361 elementor-widget elementor-widget-heading\" data-id=\"0140361\" data-element_type=\"widget\" data-e-type=\"widget\" data-widget_type=\"heading.default\">\n\t\t\t\t<div class=\"elementor-widget-container\">\n\t\t\t\t\t<h2 class=\"elementor-heading-title elementor-size-default\">Installation of 1 1\/4\" immersion heater with K7T terminal box<\/h2>\t\t\t\t<\/div>\n\t\t\t\t<\/div>\n\t\t\t\t<div class=\"elementor-element elementor-element-0de39cc elementor-widget elementor-widget-video\" data-id=\"0de39cc\" data-element_type=\"widget\" data-e-type=\"widget\" data-settings=\"{&quot;youtube_url&quot;:&quot;https:\\\/\\\/www.youtube.com\\\/watch?v=SiDFaspygzU&quot;,&quot;video_type&quot;:&quot;youtube&quot;,&quot;controls&quot;:&quot;yes&quot;}\" data-widget_type=\"video.default\">\n\t\t\t\t<div class=\"elementor-widget-container\">\n\t\t\t\t\t\t\t<div class=\"elementor-wrapper elementor-open-inline\">\n\t\t\t<div class=\"elementor-video\"><\/div>\t\t<\/div>\n\t\t\t\t\t\t<\/div>\n\t\t\t\t<\/div>\n\t\t\t\t\t<\/div>\n\t\t\t\t<\/div>\n\t\t<div class=\"elementor-element elementor-element-3dcfddc e-flex e-con-boxed e-con e-child\" data-id=\"3dcfddc\" data-element_type=\"container\" data-e-type=\"container\">\n\t\t\t\t\t<div class=\"e-con-inner\">\n\t\t\t\t<div class=\"elementor-element elementor-element-355a989 elementor-widget elementor-widget-heading\" data-id=\"355a989\" data-element_type=\"widget\" data-e-type=\"widget\" data-widget_type=\"heading.default\">\n\t\t\t\t<div class=\"elementor-widget-container\">\n\t\t\t\t\t<h2 class=\"elementor-heading-title elementor-size-default\">Installation of 1 1\/4\" immersion heater with K11-K20 terminal box<\/h2>\t\t\t\t<\/div>\n\t\t\t\t<\/div>\n\t\t\t\t<div class=\"elementor-element elementor-element-fb76262 elementor-widget elementor-widget-video\" data-id=\"fb76262\" data-element_type=\"widget\" data-e-type=\"widget\" data-settings=\"{&quot;youtube_url&quot;:&quot;https:\\\/\\\/www.youtube.com\\\/watch?v=-Yk7zOvdsek&quot;,&quot;video_type&quot;:&quot;youtube&quot;,&quot;controls&quot;:&quot;yes&quot;}\" data-widget_type=\"video.default\">\n\t\t\t\t<div class=\"elementor-widget-container\">\n\t\t\t\t\t\t\t<div class=\"elementor-wrapper elementor-open-inline\">\n\t\t\t<div class=\"elementor-video\"><\/div>\t\t<\/div>\n\t\t\t\t\t\t<\/div>\n\t\t\t\t<\/div>\n\t\t\t\t\t<\/div>\n\t\t\t\t<\/div>\n\t\t<div class=\"elementor-element elementor-element-99c9765 e-flex e-con-boxed e-con e-child\" data-id=\"99c9765\" data-element_type=\"container\" data-e-type=\"container\">\n\t\t\t\t\t<div class=\"e-con-inner\">\n\t\t\t\t<div class=\"elementor-element elementor-element-ef31dd3 elementor-widget elementor-widget-heading\" data-id=\"ef31dd3\" data-element_type=\"widget\" data-e-type=\"widget\" data-widget_type=\"heading.default\">\n\t\t\t\t<div class=\"elementor-widget-container\">\n\t\t\t\t\t<h2 class=\"elementor-heading-title elementor-size-default\">Installation of 2\" immersion heater with K11-K20 terminal box<\/h2>\t\t\t\t<\/div>\n\t\t\t\t<\/div>\n\t\t\t\t<div class=\"elementor-element elementor-element-0cf0061 elementor-widget elementor-widget-video\" data-id=\"0cf0061\" data-element_type=\"widget\" data-e-type=\"widget\" data-settings=\"{&quot;youtube_url&quot;:&quot;https:\\\/\\\/www.youtube.com\\\/watch?v=cPS8a-Qx3fc&quot;,&quot;video_type&quot;:&quot;youtube&quot;,&quot;controls&quot;:&quot;yes&quot;}\" data-widget_type=\"video.default\">\n\t\t\t\t<div class=\"elementor-widget-container\">\n\t\t\t\t\t\t\t<div class=\"elementor-wrapper elementor-open-inline\">\n\t\t\t<div class=\"elementor-video\"><\/div>\t\t<\/div>\n\t\t\t\t\t\t<\/div>\n\t\t\t\t<\/div>\n\t\t\t\t\t<\/div>\n\t\t\t\t<\/div>\n\t\t<div class=\"elementor-element elementor-element-7f709fd e-flex e-con-boxed e-con e-child\" data-id=\"7f709fd\" data-element_type=\"container\" data-e-type=\"container\">\n\t\t\t\t\t<div class=\"e-con-inner\">\n\t\t\t\t<div class=\"elementor-element elementor-element-4bf6204 elementor-widget elementor-widget-heading\" data-id=\"4bf6204\" data-element_type=\"widget\" data-e-type=\"widget\" data-widget_type=\"heading.default\">\n\t\t\t\t<div class=\"elementor-widget-container\">\n\t\t\t\t\t<h2 class=\"elementor-heading-title elementor-size-default\">Installation of 2\" immersion heater with K7T terminal box<\/h2>\t\t\t\t<\/div>\n\t\t\t\t<\/div>\n\t\t\t\t<div class=\"elementor-element elementor-element-97d2825 elementor-widget elementor-widget-video\" data-id=\"97d2825\" data-element_type=\"widget\" data-e-type=\"widget\" data-settings=\"{&quot;youtube_url&quot;:&quot;https:\\\/\\\/www.youtube.com\\\/watch?v=1d8N-Zs5hP4&quot;,&quot;video_type&quot;:&quot;youtube&quot;,&quot;controls&quot;:&quot;yes&quot;}\" data-widget_type=\"video.default\">\n\t\t\t\t<div class=\"elementor-widget-container\">\n\t\t\t\t\t\t\t<div class=\"elementor-wrapper elementor-open-inline\">\n\t\t\t<div class=\"elementor-video\"><\/div>\t\t<\/div>\n\t\t\t\t\t\t<\/div>\n\t\t\t\t<\/div>\n\t\t\t\t\t<\/div>\n\t\t\t\t<\/div>\n\t\t\t\t\t<\/div>\n\t\t\t\t<\/div>\n\t\t\t\t<\/div>","protected":false},"excerpt":{"rendered":"<p>Montering \/ FAQ Hos Norske Backer \u00f8nsker vi \u00e5 gj\u00f8re installasjonen av v\u00e5re produkter s\u00e5 enkel som mulig. Denne siden gir deg veiledning og svar p\u00e5 vanlige sp\u00f8rsm\u00e5l (FAQ) for \u00e5 hjelpe deg gjennom installasjonsprosessen. Monteringsveiledninger: Vi har laget noen detaljerte videoer med monteringsveiledning. Disse veiledningene inneholder trinn-for-trinn instruksjoner og illustrasjoner for \u00e5 sikre en [&hellip;]<\/p>\n","protected":false},"author":1,"featured_media":0,"parent":0,"menu_order":0,"comment_status":"closed","ping_status":"closed","template":"","meta":{"_acf_changed":false,"footnotes":""},"class_list":["post-12805","page","type-page","status-publish","hentry"],"acf":[],"_links":{"self":[{"href":"https:\/\/norskebacker.no\/en\/wp-json\/wp\/v2\/pages\/12805","targetHints":{"allow":["GET"]}}],"collection":[{"href":"https:\/\/norskebacker.no\/en\/wp-json\/wp\/v2\/pages"}],"about":[{"href":"https:\/\/norskebacker.no\/en\/wp-json\/wp\/v2\/types\/page"}],"author":[{"embeddable":true,"href":"https:\/\/norskebacker.no\/en\/wp-json\/wp\/v2\/users\/1"}],"replies":[{"embeddable":true,"href":"https:\/\/norskebacker.no\/en\/wp-json\/wp\/v2\/comments?post=12805"}],"version-history":[{"count":5,"href":"https:\/\/norskebacker.no\/en\/wp-json\/wp\/v2\/pages\/12805\/revisions"}],"predecessor-version":[{"id":13826,"href":"https:\/\/norskebacker.no\/en\/wp-json\/wp\/v2\/pages\/12805\/revisions\/13826"}],"wp:attachment":[{"href":"https:\/\/norskebacker.no\/en\/wp-json\/wp\/v2\/media?parent=12805"}],"curies":[{"name":"wp","href":"https:\/\/api.w.org\/{rel}","templated":true}]}}