{"id":13203,"date":"2024-12-18T20:09:03","date_gmt":"2024-12-18T20:09:03","guid":{"rendered":"https:\/\/norskebacker.no\/?page_id=13203"},"modified":"2025-02-10T10:52:52","modified_gmt":"2025-02-10T10:52:52","slug":"likestilling-og-mangfold","status":"publish","type":"page","link":"https:\/\/norskebacker.no\/en\/likestilling-og-mangfold\/","title":{"rendered":"Equality and diversity"},"content":{"rendered":"<div data-elementor-type=\"wp-page\" data-elementor-id=\"13203\" class=\"elementor elementor-13203\" data-elementor-post-type=\"page\">\n\t\t\t\t<div class=\"elementor-element elementor-element-4f2497f e-con-full e-flex e-con e-parent\" data-id=\"4f2497f\" data-element_type=\"container\" data-e-type=\"container\" data-settings=\"{&quot;background_background&quot;:&quot;classic&quot;}\">\n\t\t\t\t<div class=\"elementor-element elementor-element-0c3fc38 elementor-widget elementor-widget-spacer\" data-id=\"0c3fc38\" data-element_type=\"widget\" data-e-type=\"widget\" data-widget_type=\"spacer.default\">\n\t\t\t\t<div class=\"elementor-widget-container\">\n\t\t\t\t\t\t\t<div class=\"elementor-spacer\">\n\t\t\t<div class=\"elementor-spacer-inner\"><\/div>\n\t\t<\/div>\n\t\t\t\t\t\t<\/div>\n\t\t\t\t<\/div>\n\t\t\t\t<\/div>\n\t\t<div class=\"elementor-element elementor-element-7956f7f e-flex e-con-boxed e-con e-parent\" data-id=\"7956f7f\" data-element_type=\"container\" data-e-type=\"container\">\n\t\t\t\t\t<div class=\"e-con-inner\">\n\t\t<div class=\"elementor-element elementor-element-3f3c234 e-con-full e-flex e-con e-child\" data-id=\"3f3c234\" data-element_type=\"container\" data-e-type=\"container\">\n\t\t\t\t<div class=\"elementor-element elementor-element-e281ac6 elementor-widget elementor-widget-heading\" data-id=\"e281ac6\" data-element_type=\"widget\" data-e-type=\"widget\" data-widget_type=\"heading.default\">\n\t\t\t\t<div class=\"elementor-widget-container\">\n\t\t\t\t\t<h1 class=\"elementor-heading-title elementor-size-default\">Equality and diversity<\/h1>\t\t\t\t<\/div>\n\t\t\t\t<\/div>\n\t\t\t\t<div class=\"elementor-element elementor-element-a118a77 elementor-widget elementor-widget-heading\" data-id=\"a118a77\" data-element_type=\"widget\" data-e-type=\"widget\" data-widget_type=\"heading.default\">\n\t\t\t\t<div class=\"elementor-widget-container\">\n\t\t\t\t\t<h2 class=\"elementor-heading-title elementor-size-default\">Our commitment to a fair and inclusive working environment<\/h2>\t\t\t\t<\/div>\n\t\t\t\t<\/div>\n\t\t\t\t<div class=\"elementor-element elementor-element-f97b004 elementor-widget elementor-widget-text-editor\" data-id=\"f97b004\" data-element_type=\"widget\" data-e-type=\"widget\" data-widget_type=\"text-editor.default\">\n\t\t\t\t<div class=\"elementor-widget-container\">\n\t\t\t\t\t\t\t\t\t<div class=\"elementor-element elementor-element-2f434d34 elementor-widget elementor-widget-text-editor\" data-id=\"2f434d34\" data-element_type=\"widget\" data-widget_type=\"text-editor.default\"><div class=\"elementor-widget-container\"><p>For us, dedication to equality and diversity is not only a statutory duty, but a fundamental part of our sustainability strategy and our social responsibility. In accordance with the \"Act on equality and prohibition of discrimination\", we work actively, purposefully and systematically to promote equality and counteract discrimination. This work is a continuous process that ensures that our personnel policy is adapted to a diverse workforce.<\/p><p>The activity and investigation obligation for employers (ARP) obliges us to work proactively with these questions. This involves evaluating and improving our routines and practices, so that they facilitate equality. ARP can in many ways be compared to HSE work, which focuses on preventing occupational accidents and ensuring a safe working environment.<\/p><p>We see equality work as a natural part of our commitment to a sustainable society. In the same way that we work to reduce our climate footprint, we are committed to creating an inclusive workplace where everyone has equal opportunities to thrive and develop. This not only strengthens our employees' well-being and productivity, but also contributes to our overall success as a company.<\/p><p>We are proud to be a company that recognizes the value of diversity and that sees the benefits of a broadly composed workforce. Through this work, we want to be a role model for other actors in the business world, and we invite all our stakeholders to join us on this important journey towards a fairer, more equal and sustainable future.<\/p><\/div><\/div><div class=\"elementor-element elementor-element-df57d99 elementor-widget elementor-widget-text-editor\" data-id=\"df57d99\" data-element_type=\"widget\" data-widget_type=\"text-editor.default\"><div class=\"elementor-widget-container\"><div class=\"elementor-element elementor-element-d651097 elementor-widget elementor-widget-text-editor\" data-id=\"d651097\" data-element_type=\"widget\" data-widget_type=\"text-editor.default\"><div class=\"elementor-widget-container\">&gt; <a title=\"See the Act on Equality and Prohibition of Discrimination here\" href=\"https:\/\/lovdata.no\/dokument\/NL\/lov\/2017-06-16-51\" target=\"_blank\" rel=\"noopener\"><strong>See the Act on Equality and Prohibition of Discrimination here<\/strong><\/a><\/div><\/div><\/div><\/div>\t\t\t\t\t\t\t\t<\/div>\n\t\t\t\t<\/div>\n\t\t\t\t<\/div>\n\t\t<div class=\"elementor-element elementor-element-7e73ee7 e-con-full e-flex e-con e-child\" data-id=\"7e73ee7\" data-element_type=\"container\" data-e-type=\"container\">\n\t\t\t\t<div class=\"elementor-element elementor-element-b239dd7 elementor-widget elementor-widget-image\" data-id=\"b239dd7\" data-element_type=\"widget\" data-e-type=\"widget\" data-widget_type=\"image.default\">\n\t\t\t\t<div class=\"elementor-widget-container\">\n\t\t\t\t\t\t\t\t\t\t\t\t\t\t\t\t<a href=\"https:\/\/norskebacker.no\/wp-content\/uploads\/2024\/12\/Likestillingsredegjorelse.pdf\">\n\t\t\t\t\t\t\t<img fetchpriority=\"high\" decoding=\"async\" width=\"724\" height=\"1024\" src=\"https:\/\/norskebacker.no\/wp-content\/uploads\/2024\/12\/Likestillingsredegjorelse-pdf-1-724x1024.jpg\" class=\"attachment-large size-large wp-image-13206\" alt=\"A document of gender equality reporting\" srcset=\"https:\/\/norskebacker.no\/wp-content\/uploads\/2024\/12\/Likestillingsredegjorelse-pdf-1-724x1024.jpg 724w, https:\/\/norskebacker.no\/wp-content\/uploads\/2024\/12\/Likestillingsredegjorelse-pdf-1-600x849.jpg 600w, https:\/\/norskebacker.no\/wp-content\/uploads\/2024\/12\/Likestillingsredegjorelse-pdf-1-212x300.jpg 212w, https:\/\/norskebacker.no\/wp-content\/uploads\/2024\/12\/Likestillingsredegjorelse-pdf-1-768x1087.jpg 768w, https:\/\/norskebacker.no\/wp-content\/uploads\/2024\/12\/Likestillingsredegjorelse-pdf-1-8x12.jpg 8w, https:\/\/norskebacker.no\/wp-content\/uploads\/2024\/12\/Likestillingsredegjorelse-pdf-1.jpg 1058w\" sizes=\"(max-width: 724px) 100vw, 724px\" \/>\t\t\t\t\t\t\t\t<\/a>\n\t\t\t\t\t\t\t\t\t\t\t\t\t\t\t<\/div>\n\t\t\t\t<\/div>\n\t\t\t\t<\/div>\n\t\t\t\t\t<\/div>\n\t\t\t\t<\/div>\n\t\t\t\t<\/div>","protected":false},"excerpt":{"rendered":"<p>Likestilling og mangfold V\u00e5r forpliktelse til et rettferdig og inkluderende arbeidsmilj\u00f8 Hos oss er dedikasjon til likestilling og mangfold ikke bare en lovp\u00e5lagt plikt, men en grunnleggende del av v\u00e5r b\u00e6rekraftsstrategi og v\u00e5rt samfunnsansvar. I henhold til &laquo;Lov om likestilling og forbud mot diskriminering&raquo; arbeider vi aktivt, m\u00e5lrettet og planmessig for \u00e5 fremme likestilling og [&hellip;]<\/p>\n","protected":false},"author":1,"featured_media":0,"parent":0,"menu_order":0,"comment_status":"closed","ping_status":"closed","template":"","meta":{"_acf_changed":false,"footnotes":""},"class_list":["post-13203","page","type-page","status-publish","hentry"],"acf":[],"_links":{"self":[{"href":"https:\/\/norskebacker.no\/en\/wp-json\/wp\/v2\/pages\/13203","targetHints":{"allow":["GET"]}}],"collection":[{"href":"https:\/\/norskebacker.no\/en\/wp-json\/wp\/v2\/pages"}],"about":[{"href":"https:\/\/norskebacker.no\/en\/wp-json\/wp\/v2\/types\/page"}],"author":[{"embeddable":true,"href":"https:\/\/norskebacker.no\/en\/wp-json\/wp\/v2\/users\/1"}],"replies":[{"embeddable":true,"href":"https:\/\/norskebacker.no\/en\/wp-json\/wp\/v2\/comments?post=13203"}],"version-history":[{"count":5,"href":"https:\/\/norskebacker.no\/en\/wp-json\/wp\/v2\/pages\/13203\/revisions"}],"predecessor-version":[{"id":13212,"href":"https:\/\/norskebacker.no\/en\/wp-json\/wp\/v2\/pages\/13203\/revisions\/13212"}],"wp:attachment":[{"href":"https:\/\/norskebacker.no\/en\/wp-json\/wp\/v2\/media?parent=13203"}],"curies":[{"name":"wp","href":"https:\/\/api.w.org\/{rel}","templated":true}]}}