{"id":1373,"date":"2024-04-03T18:18:23","date_gmt":"2024-04-03T18:18:23","guid":{"rendered":"https:\/\/norskebacker.no\/?page_id=1373"},"modified":"2024-04-25T21:07:34","modified_gmt":"2024-04-25T21:07:34","slug":"kalkulator","status":"publish","type":"page","link":"https:\/\/norskebacker.no\/en\/kalkulator\/","title":{"rendered":"CO2 calculator"},"content":{"rendered":"<div data-elementor-type=\"wp-page\" data-elementor-id=\"1373\" class=\"elementor elementor-1373\" data-elementor-post-type=\"page\">\n\t\t\t\t<div class=\"elementor-element elementor-element-957e905 e-flex e-con-boxed e-con e-parent\" data-id=\"957e905\" data-element_type=\"container\" data-e-type=\"container\">\n\t\t\t\t\t<div class=\"e-con-inner\">\n\t\t\t\t<div class=\"elementor-element elementor-element-6604490 elementor-widget elementor-widget-heading\" data-id=\"6604490\" data-element_type=\"widget\" data-e-type=\"widget\" data-widget_type=\"heading.default\">\n\t\t\t\t<div class=\"elementor-widget-container\">\n\t\t\t\t\t<h1 class=\"elementor-heading-title elementor-size-default\">Backer Switch calculator<\/h1>\t\t\t\t<\/div>\n\t\t\t\t<\/div>\n\t\t\t\t<div class=\"elementor-element elementor-element-39004af elementor-widget elementor-widget-text-editor\" data-id=\"39004af\" data-element_type=\"widget\" data-e-type=\"widget\" data-widget_type=\"text-editor.default\">\n\t\t\t\t<div class=\"elementor-widget-container\">\n\t\t\t\t\t\t\t\t\t<p>Try our CO<span class=\"s2\">2<\/span>-calculator to see how much you can reduce your emissions by using electric rather than fossil fuels in your heating solutions!<\/p>\t\t\t\t\t\t\t\t<\/div>\n\t\t\t\t<\/div>\n\t\t\t\t<div class=\"elementor-element elementor-element-86eafcc elementor-widget__width-initial elementor-widget elementor-widget-shortcode\" data-id=\"86eafcc\" data-element_type=\"widget\" data-e-type=\"widget\" data-widget_type=\"shortcode.default\">\n\t\t\t\t<div class=\"elementor-widget-container\">\n\t\t\t\t\t\t\t<div class=\"elementor-shortcode\">\t\t<form class=\"savings_calculator_form\" action=\"\">\n\t\t\t<select class=\"fuel_type\" name=\"fuel_type\">\n\t\t\t\t<option value=\"\">Choose your energy source<\/option>\n\t\t\t\t<option value=\"fuel_1\">Propane<\/option>\n\t\t\t\t<option value=\"fuel_2\">Butane<\/option>\n\t\t\t\t<option value=\"fuel_3\">Propane\/Butane<\/option>\n\t\t\t\t<option value=\"fuel_4\">Biodiesel HVO<\/option>\n\t\t\t\t<option value=\"fuel_5\">Diesel bioblend (5% diesel)<\/option>\n\t\t\t\t<option value=\"fuel_6\">Diesel<\/option>\n\t\t\t<\/select>\n\t\t\t<select class=\"unit_of_measure\" name=\"unit_of_measure\">\n\t\t\t\t<option value=\"\">Select unit of measurement<\/option>\n\t\t\t\t<option value=\"kg\">KG<\/option>\n\t\t\t\t<option value=\"liter\">Liter<\/option>\n\t\t\t<\/select>\n\t\t\t<input class=\"consumption\" type=\"text\" value=\"\" placeholder=\"Your consumption per year, in selected unit\">\n\t\t\t<button class=\"calculate_btn\">Calculate what I can save!<\/button>\n\t\t\t<div class=\"results_wrapper\" style=\"display:none\">\n\t\t\t\t<div class=\"savings_labels\" style=\"display:inline-block\">\n\t\t\t\t\t<div class=\"saved-head\">You will save...<\/div>\n\t\t\t\t\t<div class=\"saved_per_year_text\">kgCO2e saved per year:<\/div>\n\t\t\t\t<\/div>\n\t\t\t\t<div class=\"savings_results\" style=\"display:inline-block\">\n\t\t\t\t\t<div class=\"saved_per_year_number\"><\/div>\n\t\t\t\t<\/div>\n\t\t\t<\/div>\n\t\t\t\n\t\t<input\n                    class=\"apbct_special_field apbct_email_id__elementor_form\"\n                    name=\"apbct__email_id__elementor_form\"\n                    aria-label=\"apbct__label_id__elementor_form\"\n                    type=\"text\" size=\"30\" maxlength=\"200\" autocomplete=\"off\"\n                    value=\"\"\n                \/><input type=\"hidden\" name=\"trp-form-language\" value=\"en\"\/><\/form>\n\t\t<\/div>\n\t\t\t\t\t\t<\/div>\n\t\t\t\t<\/div>\n\t\t\t\t\t<\/div>\n\t\t\t\t<\/div>\n\t\t\t\t<\/div>","protected":false},"excerpt":{"rendered":"<p>Backer Switch kalkulator Pr\u00f8v v\u00e5r CO2-kalkulator for \u00e5 se hvor mye dere kan redusere deres utslipp med ved \u00e5 bruke elektriske fremfor fossile energikilder i deres oppvarmingsl\u00f8sninger!<\/p>","protected":false},"author":1,"featured_media":0,"parent":0,"menu_order":0,"comment_status":"closed","ping_status":"closed","template":"","meta":{"_acf_changed":false,"footnotes":""},"class_list":["post-1373","page","type-page","status-publish","hentry"],"acf":[],"_links":{"self":[{"href":"https:\/\/norskebacker.no\/en\/wp-json\/wp\/v2\/pages\/1373","targetHints":{"allow":["GET"]}}],"collection":[{"href":"https:\/\/norskebacker.no\/en\/wp-json\/wp\/v2\/pages"}],"about":[{"href":"https:\/\/norskebacker.no\/en\/wp-json\/wp\/v2\/types\/page"}],"author":[{"embeddable":true,"href":"https:\/\/norskebacker.no\/en\/wp-json\/wp\/v2\/users\/1"}],"replies":[{"embeddable":true,"href":"https:\/\/norskebacker.no\/en\/wp-json\/wp\/v2\/comments?post=1373"}],"version-history":[{"count":5,"href":"https:\/\/norskebacker.no\/en\/wp-json\/wp\/v2\/pages\/1373\/revisions"}],"predecessor-version":[{"id":12688,"href":"https:\/\/norskebacker.no\/en\/wp-json\/wp\/v2\/pages\/1373\/revisions\/12688"}],"wp:attachment":[{"href":"https:\/\/norskebacker.no\/en\/wp-json\/wp\/v2\/media?parent=1373"}],"curies":[{"name":"wp","href":"https:\/\/api.w.org\/{rel}","templated":true}]}}