{"id":255,"date":"2024-02-14T08:51:15","date_gmt":"2024-02-14T08:51:15","guid":{"rendered":"https:\/\/norskebacker.no\/?page_id=255"},"modified":"2025-02-10T10:39:03","modified_gmt":"2025-02-10T10:39:03","slug":"produkter","status":"publish","type":"page","link":"https:\/\/norskebacker.no\/en\/products\/","title":{"rendered":"Products"},"content":{"rendered":"<div data-elementor-type=\"wp-page\" data-elementor-id=\"255\" class=\"elementor elementor-255\" data-elementor-post-type=\"page\">\n\t\t\t\t<div class=\"elementor-element elementor-element-4f2497f e-con-full e-flex e-con e-parent\" data-id=\"4f2497f\" data-element_type=\"container\" data-e-type=\"container\" data-settings=\"{&quot;background_background&quot;:&quot;classic&quot;}\">\n\t\t\t\t<div class=\"elementor-element elementor-element-0c3fc38 elementor-widget elementor-widget-spacer\" data-id=\"0c3fc38\" data-element_type=\"widget\" data-e-type=\"widget\" data-widget_type=\"spacer.default\">\n\t\t\t\t<div class=\"elementor-widget-container\">\n\t\t\t\t\t\t\t<div class=\"elementor-spacer\">\n\t\t\t<div class=\"elementor-spacer-inner\"><\/div>\n\t\t<\/div>\n\t\t\t\t\t\t<\/div>\n\t\t\t\t<\/div>\n\t\t\t\t<\/div>\n\t\t<div class=\"elementor-element elementor-element-9f165f8 e-flex e-con-boxed e-con e-parent\" data-id=\"9f165f8\" data-element_type=\"container\" data-e-type=\"container\">\n\t\t\t\t\t<div class=\"e-con-inner\">\n\t\t\t\t<div class=\"elementor-element elementor-element-e281ac6 elementor-widget elementor-widget-heading\" data-id=\"e281ac6\" data-element_type=\"widget\" data-e-type=\"widget\" data-widget_type=\"heading.default\">\n\t\t\t\t<div class=\"elementor-widget-container\">\n\t\t\t\t\t<h1 class=\"elementor-heading-title elementor-size-default\">Tailor-made for <span class=\"uthevet\">your<\/span> needs<\/h1>\t\t\t\t<\/div>\n\t\t\t\t<\/div>\n\t\t\t\t<div class=\"elementor-element elementor-element-f97b004 elementor-widget elementor-widget-text-editor\" data-id=\"f97b004\" data-element_type=\"widget\" data-e-type=\"widget\" data-widget_type=\"text-editor.default\">\n\t\t\t\t<div class=\"elementor-widget-container\">\n\t\t\t\t\t\t\t\t\t<p>Customers usually come to us because they need liquid heating or air heating. And often for a specific production process that requires both measuring and control modules. Our designers specialize in finding the right combination of products and technical solutions to create the most optimal solution. Because we have the experience and expertise. We also manufacture at the same location as our designers. This means you can be sure that the solution on the drawing board becomes reality in production.<\/p><p><a href=\"#\">Read more about tailoring here<\/a><\/p>\t\t\t\t\t\t\t\t<\/div>\n\t\t\t\t<\/div>\n\t\t\t\t\t<\/div>\n\t\t\t\t<\/div>\n\t\t<div class=\"elementor-element elementor-element-60b1da8 e-flex e-con-boxed e-con e-parent\" data-id=\"60b1da8\" data-element_type=\"container\" data-e-type=\"container\">\n\t\t\t\t\t<div class=\"e-con-inner\">\n\t\t<a class=\"elementor-element elementor-element-439a614 e-con-full e-flex e-con e-child\" data-id=\"439a614\" data-element_type=\"container\" data-e-type=\"container\" data-settings=\"{&quot;background_background&quot;:&quot;classic&quot;}\" href=\"https:\/\/norskebacker.no\/en\/products\/oppvarming\/\">\n\t\t\t\t<div class=\"elementor-element elementor-element-2a2f418 gruppe elementor-widget elementor-widget-heading\" data-id=\"2a2f418\" data-element_type=\"widget\" data-e-type=\"widget\" data-widget_type=\"heading.default\">\n\t\t\t\t<div class=\"elementor-widget-container\">\n\t\t\t\t\t<span class=\"elementor-heading-title elementor-size-default\">Heating systems<\/span>\t\t\t\t<\/div>\n\t\t\t\t<\/div>\n\t\t\t\t<\/a>\n\t\t<a class=\"elementor-element elementor-element-63dde7c e-con-full e-flex e-con e-child\" data-id=\"63dde7c\" data-element_type=\"container\" data-e-type=\"container\" data-settings=\"{&quot;background_background&quot;:&quot;classic&quot;}\" href=\"https:\/\/norskebacker.no\/en\/products\/control\/\">\n\t\t\t\t<div class=\"elementor-element elementor-element-fc8ec4a gruppe elementor-widget elementor-widget-heading\" data-id=\"fc8ec4a\" data-element_type=\"widget\" data-e-type=\"widget\" data-widget_type=\"heading.default\">\n\t\t\t\t<div class=\"elementor-widget-container\">\n\t\t\t\t\t<span class=\"elementor-heading-title elementor-size-default\">Control<\/span>\t\t\t\t<\/div>\n\t\t\t\t<\/div>\n\t\t\t\t<\/a>\n\t\t<a class=\"elementor-element elementor-element-a7b6559 e-con-full e-flex e-con e-child\" data-id=\"a7b6559\" data-element_type=\"container\" data-e-type=\"container\" data-settings=\"{&quot;background_background&quot;:&quot;classic&quot;}\" href=\"https:\/\/norskebacker.no\/en\/products\/tailored\/\">\n\t\t\t\t<div class=\"elementor-element elementor-element-2515015 gruppe elementor-widget elementor-widget-heading\" data-id=\"2515015\" data-element_type=\"widget\" data-e-type=\"widget\" data-widget_type=\"heading.default\">\n\t\t\t\t<div class=\"elementor-widget-container\">\n\t\t\t\t\t<span class=\"elementor-heading-title elementor-size-default\">Tailored<\/span>\t\t\t\t<\/div>\n\t\t\t\t<\/div>\n\t\t\t\t<\/a>\n\t\t\t\t\t<\/div>\n\t\t\t\t<\/div>\n\t\t\t\t<\/div>","protected":false},"excerpt":{"rendered":"<p>Skredders\u00f8m etter dine behov Kunder kommer som regel til oss fordi de har behov for v\u00e6skeoppvarming eller luftoppvarming. Og gjerne for en for en spesifikk produksjonsprosess, som krever b\u00e5de m\u00e5le- og styremoduler. V\u00e5re konstrukt\u00f8rer er spesialister i \u00e5 finne den rette kombinasjonen av produkter og tekniske l\u00f8sninger for \u00e5 lage den mest optimale l\u00f8sningen. Fordi [&hellip;]<\/p>\n","protected":false},"author":1,"featured_media":0,"parent":0,"menu_order":0,"comment_status":"closed","ping_status":"closed","template":"","meta":{"_acf_changed":false,"footnotes":""},"class_list":["post-255","page","type-page","status-publish","hentry"],"acf":[],"_links":{"self":[{"href":"https:\/\/norskebacker.no\/en\/wp-json\/wp\/v2\/pages\/255","targetHints":{"allow":["GET"]}}],"collection":[{"href":"https:\/\/norskebacker.no\/en\/wp-json\/wp\/v2\/pages"}],"about":[{"href":"https:\/\/norskebacker.no\/en\/wp-json\/wp\/v2\/types\/page"}],"author":[{"embeddable":true,"href":"https:\/\/norskebacker.no\/en\/wp-json\/wp\/v2\/users\/1"}],"replies":[{"embeddable":true,"href":"https:\/\/norskebacker.no\/en\/wp-json\/wp\/v2\/comments?post=255"}],"version-history":[{"count":5,"href":"https:\/\/norskebacker.no\/en\/wp-json\/wp\/v2\/pages\/255\/revisions"}],"predecessor-version":[{"id":13069,"href":"https:\/\/norskebacker.no\/en\/wp-json\/wp\/v2\/pages\/255\/revisions\/13069"}],"wp:attachment":[{"href":"https:\/\/norskebacker.no\/en\/wp-json\/wp\/v2\/media?parent=255"}],"curies":[{"name":"wp","href":"https:\/\/api.w.org\/{rel}","templated":true}]}}