{"id":638,"date":"2024-03-19T12:33:37","date_gmt":"2024-03-19T12:33:37","guid":{"rendered":"https:\/\/norskebacker.no\/?page_id=638"},"modified":"2025-02-10T10:44:21","modified_gmt":"2025-02-10T10:44:21","slug":"baerekraftsstrategi","status":"publish","type":"page","link":"https:\/\/norskebacker.no\/en\/sustainability-strategy\/","title":{"rendered":"Sustainability strategy"},"content":{"rendered":"\t\t<div data-elementor-type=\"wp-page\" data-elementor-id=\"638\" class=\"elementor elementor-638\" data-elementor-post-type=\"page\">\n\t\t\t\t<div class=\"elementor-element elementor-element-4f2497f e-con-full e-flex e-con e-parent\" data-id=\"4f2497f\" data-element_type=\"container\" data-e-type=\"container\" data-settings=\"{&quot;background_background&quot;:&quot;classic&quot;}\">\n\t\t\t\t<div class=\"elementor-element elementor-element-0c3fc38 elementor-widget elementor-widget-spacer\" data-id=\"0c3fc38\" data-element_type=\"widget\" data-e-type=\"widget\" data-widget_type=\"spacer.default\">\n\t\t\t\t<div class=\"elementor-widget-container\">\n\t\t\t\t\t\t\t<div class=\"elementor-spacer\">\n\t\t\t<div class=\"elementor-spacer-inner\"><\/div>\n\t\t<\/div>\n\t\t\t\t\t\t<\/div>\n\t\t\t\t<\/div>\n\t\t\t\t<\/div>\n\t\t<div class=\"elementor-element elementor-element-7956f7f e-flex e-con-boxed e-con e-parent\" data-id=\"7956f7f\" data-element_type=\"container\" data-e-type=\"container\">\n\t\t\t\t\t<div class=\"e-con-inner\">\n\t\t<div class=\"elementor-element elementor-element-3f3c234 e-con-full e-flex e-con e-child\" data-id=\"3f3c234\" data-element_type=\"container\" data-e-type=\"container\">\n\t\t\t\t<div class=\"elementor-element elementor-element-e281ac6 elementor-widget elementor-widget-heading\" data-id=\"e281ac6\" data-element_type=\"widget\" data-e-type=\"widget\" data-widget_type=\"heading.default\">\n\t\t\t\t<div class=\"elementor-widget-container\">\n\t\t\t\t\t<h1 class=\"elementor-heading-title elementor-size-default\">B\u00e6rekraftsstrategi<\/h1>\t\t\t\t<\/div>\n\t\t\t\t<\/div>\n\t\t\t\t<div class=\"elementor-element elementor-element-f97b004 elementor-widget elementor-widget-text-editor\" data-id=\"f97b004\" data-element_type=\"widget\" data-e-type=\"widget\" data-widget_type=\"text-editor.default\">\n\t\t\t\t<div class=\"elementor-widget-container\">\n\t\t\t\t\t\t\t\t\t<p>I Norske Backer jobber vi aktivt for \u00e5 bidra med \u00e5 redusere klimaavtrykket. Vi tar b\u00e6rekraftig utvikling p\u00e5 alvor, og er opptatt av \u00e5 ta vare p\u00e5 samfunnet og milj\u00f8et rundt oss. Vi har produkter og tjenester som er basert p\u00e5 bruk av elektrisitet som oppvarming, fremfor fossile energikilder som eksempelvis gass og kull. Med andre ord vil v\u00e5re produkter gi et mindre klimaavtrykk, dersom det brukes fornybar energi til str\u00f8m heller enn fossil energi. Selv bruker vi i all hovedsak elektrisitet som oppvarming i v\u00e5re lokaler.<\/p><p>FN definerer b\u00e6rekraftig utvikling som \u00aben utvikling som im\u00f8tekommer dagens behov uten \u00e5 \u00f8delegge mulighetene for at kommende generasjoner skal f\u00e5 dekket sine behov.\u00bb<\/p><p>Vi \u00f8nsker \u00e5 hjelpe andre virksomheter med denne overgangen, og tilbyr tjenesten Backer Switch for deg som \u00f8nsker \u00e5 g\u00e5 fra fossile energikilder til oppvarmingsl\u00f8sninger basert p\u00e5 mer fornybar energi.<\/p><blockquote><p><strong>&gt; <a href=\"\/backer-switch\/\">Les mer om Backer Switch her<\/a><\/strong><\/p><\/blockquote><p>Eksempel fra tidligere kunde: Kunden hadde et energiforbruk p\u00e5 46 250 kWh per \u00e5r p\u00e5 en av gassbrennerne i sitt anlegg. Fotavtrykket for denne ene gassbrenneren tilsvarte 0,22 kgCO2e per kWh. Ved \u00e5 g\u00e5 over til str\u00f8m, ble det nye avtrykket 0,03 kgCO2e per kWh. <span style=\"text-decoration: underline;\">Kunden reduserte klimaavtrykket sitt med 8,79 tonn CO2 per \u00e5r bare ved \u00e5 bytte ut \u00e9n gassbrenner!<\/span><\/p>\t\t\t\t\t\t\t\t<\/div>\n\t\t\t\t<\/div>\n\t\t\t\t<\/div>\n\t\t<div class=\"elementor-element elementor-element-7e73ee7 e-con-full e-flex e-con e-child\" data-id=\"7e73ee7\" data-element_type=\"container\" data-e-type=\"container\">\n\t\t\t\t<div class=\"elementor-element elementor-element-106e580 elementor-widget elementor-widget-image\" data-id=\"106e580\" data-element_type=\"widget\" data-e-type=\"widget\" data-widget_type=\"image.default\">\n\t\t\t\t<div class=\"elementor-widget-container\">\n\t\t\t\t\t\t\t\t\t\t\t\t\t\t\t<img fetchpriority=\"high\" decoding=\"async\" width=\"678\" height=\"512\" src=\"https:\/\/norskebacker.no\/wp-content\/uploads\/2024\/03\/Visualisering-backer-switch-eksempel-norsk-1024x512-1.png\" class=\"attachment-large size-large wp-image-640\" alt=\"En visualisering av hvordan Norske Backer aktivt bidrar med \u00e5 redusere klimaavtrykket\" srcset=\"https:\/\/norskebacker.no\/wp-content\/uploads\/2024\/03\/Visualisering-backer-switch-eksempel-norsk-1024x512-1.png 678w, https:\/\/norskebacker.no\/wp-content\/uploads\/2024\/03\/Visualisering-backer-switch-eksempel-norsk-1024x512-1-600x453.png 600w, https:\/\/norskebacker.no\/wp-content\/uploads\/2024\/03\/Visualisering-backer-switch-eksempel-norsk-1024x512-1-300x227.png 300w, https:\/\/norskebacker.no\/wp-content\/uploads\/2024\/03\/Visualisering-backer-switch-eksempel-norsk-1024x512-1-16x12.png 16w\" sizes=\"(max-width: 678px) 100vw, 678px\" \/>\t\t\t\t\t\t\t\t\t\t\t\t\t\t\t<\/div>\n\t\t\t\t<\/div>\n\t\t\t\t<\/div>\n\t\t\t\t\t<\/div>\n\t\t\t\t<\/div>\n\t\t<div class=\"elementor-element elementor-element-f1a8fd5 e-flex e-con-boxed e-con e-parent\" data-id=\"f1a8fd5\" data-element_type=\"container\" data-e-type=\"container\">\n\t\t\t\t\t<div class=\"e-con-inner\">\n\t\t<div class=\"elementor-element elementor-element-48871ba e-con-full e-flex e-con e-child\" data-id=\"48871ba\" data-element_type=\"container\" data-e-type=\"container\">\n\t\t\t\t<div class=\"elementor-element elementor-element-31a2515 elementor-widget elementor-widget-html\" data-id=\"31a2515\" data-element_type=\"widget\" data-e-type=\"widget\" data-widget_type=\"html.default\">\n\t\t\t\t<div class=\"elementor-widget-container\">\n\t\t\t\t\t<div style=\"position:relative;padding-top:max(60%,326px);height:0;width:100%\"><iframe allow=\"clipboard-write\" sandbox=\"allow-top-navigation allow-top-navigation-by-user-activation allow-downloads allow-scripts allow-same-origin allow-popups allow-modals allow-popups-to-escape-sandbox allow-forms\" allowfullscreen=\"true\" style=\"position:absolute;border:none;width:100%;height:100%;left:0;right:0;top:0;bottom:0;\" src=\"https:\/\/e.issuu.com\/embed.html?d=baerekraftsplan-ferdig&hideIssuuLogo=true&u=kurergrafisk\"><\/iframe><\/div>\t\t\t\t<\/div>\n\t\t\t\t<\/div>\n\t\t\t\t<\/div>\n\t\t<div class=\"elementor-element elementor-element-8afcdb9 e-con-full e-flex e-con e-child\" data-id=\"8afcdb9\" data-element_type=\"container\" data-e-type=\"container\">\n\t\t\t\t<div class=\"elementor-element elementor-element-062d146 elementor-widget elementor-widget-text-editor\" data-id=\"062d146\" data-element_type=\"widget\" data-e-type=\"widget\" data-widget_type=\"text-editor.default\">\n\t\t\t\t<div class=\"elementor-widget-container\">\n\t\t\t\t\t\t\t\t\t<p>I v\u00e5rt arbeid med b\u00e6rekraftig utvikling, har vi utarbeidet en fem\u00e5rig b\u00e6rekraftsstrategi som skal g\u00e5 fra 2023 til 2028. For \u00e5 bidra til \u00e5 n\u00e5 FNs b\u00e6rekraftsm\u00e5l har vi i utarbeidelsen av strategien g\u00e5tt n\u00f8ye gjennom eksisterende drift, og ut fra dette utarbeidet flere konkrete tiltak og m\u00e5l som vi skal n\u00e5 innen 2028.<\/p><p>Vi har ogs\u00e5 satt opp en detaljert tiltaksplan, hvor vi har fordelt ansvaret p\u00e5 ulike ansatte, og har kategorisert tiltakene i kategoriene energibruk, materialer, leverand\u00f8rer, klima og menneske og samfunn. Noen av tiltakene er allerede gjennomf\u00f8rt, som for eksempel installering av el-billadere, oppsamling av leveringer, tiltak for kildesortering ved \u00e5 etablere gjenvinningsstasjoner i fabrikken, og bevisstgj\u00f8ring om energibruk og sparing.<\/p><blockquote><p>&gt; <strong><a href=\"\/wp-content\/uploads\/2024\/03\/Tiltak2-PDF.pdf\" target=\"_blank\" rel=\"noopener\">Du kan se tiltaksplanen v\u00e5r ved \u00e5 klikke her<\/a><\/strong><\/p><p>&gt; <strong><a href=\"https:\/\/norskebacker.no\/baerekraftsrapporten-var-for-2023-er-klar\/\">Se B\u00e6rekraftsrapporten for 2023 her<\/a><\/strong><\/p><\/blockquote>\t\t\t\t\t\t\t\t<\/div>\n\t\t\t\t<\/div>\n\t\t\t\t<\/div>\n\t\t\t\t\t<\/div>\n\t\t\t\t<\/div>\n\t\t<div class=\"elementor-element elementor-element-18eb428 e-flex e-con-boxed e-con e-parent\" data-id=\"18eb428\" data-element_type=\"container\" data-e-type=\"container\">\n\t\t\t\t\t<div class=\"e-con-inner\">\n\t\t<div class=\"elementor-element elementor-element-200ec4c e-con-full e-flex e-con e-child\" data-id=\"200ec4c\" data-element_type=\"container\" data-e-type=\"container\">\n\t\t\t\t<div class=\"elementor-element elementor-element-8cc57ca elementor-widget elementor-widget-text-editor\" data-id=\"8cc57ca\" data-element_type=\"widget\" data-e-type=\"widget\" data-widget_type=\"text-editor.default\">\n\t\t\t\t<div class=\"elementor-widget-container\">\n\t\t\t\t\t\t\t\t\t<p>M\u00e5lene v\u00e5re er at vi \u00f8nsker \u00e5 endre energibruken v\u00e5r gjennom \u00e5 blant annet installere solcellepanel og varmepumper. Vi skal endre materialbruket v\u00e5rt, gjennom bedre materiellutnyttelse, reduksjon av plast, papp og papir, og bruke mer gjenvunnet materialer. Vi skal g\u00e5 gjennom v\u00e5r maskinpark og oppgradere til bedre energistyring. Vi skal unders\u00f8ke leverand\u00f8rer arbeid med b\u00e6rekraftig utvikling og hvilke muligheter som finnes for mer milj\u00f8vennlige transportmidler.<\/p><p>V\u00e5re interne m\u00e5l har vi koblet mot FNs b\u00e6rekraftsm\u00e5l, slik at vi er sikre p\u00e5 at vi faktisk bidrar til m\u00e5loppn\u00e5else av disse! Vi har valgt ut fire av b\u00e6rekraftsm\u00e5lene som vi vet vi kan bidra p\u00e5.<\/p><p>\u00a0<\/p>\t\t\t\t\t\t\t\t<\/div>\n\t\t\t\t<\/div>\n\t\t\t\t<\/div>\n\t\t<div class=\"elementor-element elementor-element-272542a e-con-full e-flex e-con e-child\" data-id=\"272542a\" data-element_type=\"container\" data-e-type=\"container\">\n\t\t\t\t<div class=\"elementor-element elementor-element-04561bd elementor-widget elementor-widget-image\" data-id=\"04561bd\" data-element_type=\"widget\" data-e-type=\"widget\" data-widget_type=\"image.default\">\n\t\t\t\t<div class=\"elementor-widget-container\">\n\t\t\t\t\t\t\t\t\t\t\t\t\t\t\t<img decoding=\"async\" width=\"800\" height=\"483\" src=\"https:\/\/norskebacker.no\/wp-content\/uploads\/2024\/04\/Baerekraftsmal.png\" class=\"attachment-large size-large wp-image-12605\" alt=\"Norske Backer sin B\u00e6rekraftsmal\" srcset=\"https:\/\/norskebacker.no\/wp-content\/uploads\/2024\/04\/Baerekraftsmal.png 960w, https:\/\/norskebacker.no\/wp-content\/uploads\/2024\/04\/Baerekraftsmal-600x363.png 600w, https:\/\/norskebacker.no\/wp-content\/uploads\/2024\/04\/Baerekraftsmal-300x181.png 300w, https:\/\/norskebacker.no\/wp-content\/uploads\/2024\/04\/Baerekraftsmal-768x464.png 768w, https:\/\/norskebacker.no\/wp-content\/uploads\/2024\/04\/Baerekraftsmal-18x12.png 18w\" sizes=\"(max-width: 800px) 100vw, 800px\" \/>\t\t\t\t\t\t\t\t\t\t\t\t\t\t\t<\/div>\n\t\t\t\t<\/div>\n\t\t\t\t<\/div>\n\t\t\t\t\t<\/div>\n\t\t\t\t<\/div>\n\t\t<div class=\"elementor-element elementor-element-203a9f8 e-flex e-con-boxed e-con e-parent\" data-id=\"203a9f8\" data-element_type=\"container\" data-e-type=\"container\">\n\t\t\t\t\t<div class=\"e-con-inner\">\n\t\t<div class=\"elementor-element elementor-element-0d205be e-con-full e-flex e-con e-child\" data-id=\"0d205be\" data-element_type=\"container\" data-e-type=\"container\">\n\t\t\t\t<div class=\"elementor-element elementor-element-766071c elementor-widget elementor-widget-text-editor\" data-id=\"766071c\" data-element_type=\"widget\" data-e-type=\"widget\" data-widget_type=\"text-editor.default\">\n\t\t\t\t<div class=\"elementor-widget-container\">\n\t\t\t\t\t\t\t\t\t<p>\u00a0<\/p><p>Som en del av v\u00e5rt arbeid for \u00e5 redusere v\u00e5rt klimaavtrykk, <a href=\"\/baerekraftsstrategi\/science-based-target-initiative\/\">har vi forpliktet oss til Science Based Target initative (SBTi)<\/a>, hvor vi har forpliktet oss til \u00e5 redusere v\u00e5rt utslipp med 40% innen 2030. Science Based Target initiative er et samarbeid mellom CDP, United Nations Global Compact, World Resources Institute og World Wide Fund for Nature. SBTi hjelper organisasjoner med \u00e5 finne ut hvor mye og raskt klimagassutslippet m\u00e5 reduseres for \u00e5 hindre at den globale oppvarmingen overstiger 1,5 graders m\u00e5let for mye.<\/p><p>Vi i Norske Backer synes det er viktig at hele virksomheten er involvert i b\u00e6rekraftsarbeidet \u2013 det er ikke en enpersons-jobb! Vi har derfor gjennomf\u00f8rt interne b\u00e6rekraftskurs for \u00e5 \u00f8ke kunnskapen til alle ansatte om b\u00e6rekraftig utvikling og klimaendringene. I tillegg har vi etablert et b\u00e6rekraftsr\u00e5d som best\u00e5r av ansatte fra ulike deler av virksomheten, og et b\u00e6rekraftsteam som best\u00e5r av ledelsen og enkelte andre ansatte som har egne ansvarsomr\u00e5der som IT og innkj\u00f8p. S\u00e5 langt har dette bidratt til gode innspill fra ulike hold, og et samarbeid gjennom hele virksomheten. V\u00e5r helt nye gjenvinningsstasjon i fabrikken er et resultat av b\u00e6rekraftsr\u00e5det.<\/p><p>Vi \u00f8nsker \u00e5 v\u00e6re \u00e5pne om v\u00e5rt arbeid, og deler derfor b\u00e6rekraftsstrategien og v\u00e5r\u00a0<a href=\"https:\/\/norskebacker.no\/aktuelt-baerekraft\/\" target=\"_blank\" rel=\"noopener\">fremgang<\/a>\u00a0med dere!<\/p>\t\t\t\t\t\t\t\t<\/div>\n\t\t\t\t<\/div>\n\t\t\t\t<\/div>\n\t\t<div class=\"elementor-element elementor-element-75360e4 e-con-full e-flex e-con e-child\" data-id=\"75360e4\" data-element_type=\"container\" data-e-type=\"container\">\n\t\t\t\t<div class=\"elementor-element elementor-element-55a03ca elementor-widget elementor-widget-image\" data-id=\"55a03ca\" data-element_type=\"widget\" data-e-type=\"widget\" data-widget_type=\"image.default\">\n\t\t\t\t<div class=\"elementor-widget-container\">\n\t\t\t\t\t\t\t\t\t\t\t\t\t\t\t\t<a href=\"\/baerekraftsstrategi\/science-based-target-initiative\/\">\n\t\t\t\t\t\t\t<img decoding=\"async\" width=\"800\" height=\"443\" src=\"https:\/\/norskebacker.no\/wp-content\/uploads\/2024\/03\/sbti-banner-1024x567.jpg\" class=\"attachment-large size-large wp-image-642\" alt=\"Banner for Science Based Targets\" srcset=\"https:\/\/norskebacker.no\/wp-content\/uploads\/2024\/03\/sbti-banner-1024x567.jpg 1024w, https:\/\/norskebacker.no\/wp-content\/uploads\/2024\/03\/sbti-banner-600x332.jpg 600w, https:\/\/norskebacker.no\/wp-content\/uploads\/2024\/03\/sbti-banner-300x166.jpg 300w, https:\/\/norskebacker.no\/wp-content\/uploads\/2024\/03\/sbti-banner-768x425.jpg 768w, https:\/\/norskebacker.no\/wp-content\/uploads\/2024\/03\/sbti-banner-18x10.jpg 18w, https:\/\/norskebacker.no\/wp-content\/uploads\/2024\/03\/sbti-banner.jpg 1223w\" sizes=\"(max-width: 800px) 100vw, 800px\" \/>\t\t\t\t\t\t\t\t<\/a>\n\t\t\t\t\t\t\t\t\t\t\t\t\t\t\t<\/div>\n\t\t\t\t<\/div>\n\t\t\t\t<\/div>\n\t\t\t\t\t<\/div>\n\t\t\t\t<\/div>\n\t\t<div class=\"elementor-element elementor-element-61728d8 e-flex e-con-boxed e-con e-parent\" data-id=\"61728d8\" data-element_type=\"container\" data-e-type=\"container\">\n\t\t\t\t\t<div class=\"e-con-inner\">\n\t\t\t\t<div class=\"elementor-element elementor-element-e4eb0e4 elementor-widget elementor-widget-heading\" data-id=\"e4eb0e4\" data-element_type=\"widget\" data-e-type=\"widget\" data-widget_type=\"heading.default\">\n\t\t\t\t<div class=\"elementor-widget-container\">\n\t\t\t\t\t<h2 class=\"elementor-heading-title elementor-size-default\">Har du sp\u00f8rsm\u00e5l om b\u00e6rekraft?<\/h2>\t\t\t\t<\/div>\n\t\t\t\t<\/div>\n\t\t\t\t<div class=\"elementor-element elementor-element-5ff115b elementor-button-align-stretch elementor-widget elementor-widget-form\" data-id=\"5ff115b\" data-element_type=\"widget\" data-e-type=\"widget\" data-settings=\"{&quot;step_next_label&quot;:&quot;Next&quot;,&quot;step_previous_label&quot;:&quot;Previous&quot;,&quot;button_width&quot;:&quot;100&quot;,&quot;step_type&quot;:&quot;number_text&quot;,&quot;step_icon_shape&quot;:&quot;circle&quot;}\" data-widget_type=\"form.default\">\n\t\t\t\t<div class=\"elementor-widget-container\">\n\t\t\t\t\t\t\t<form class=\"elementor-form\" method=\"post\" name=\"B\u00e6rekraft\" aria-label=\"B\u00e6rekraft\">\n\t\t\t<input type=\"hidden\" name=\"post_id\" value=\"638\"\/>\n\t\t\t<input type=\"hidden\" name=\"form_id\" value=\"5ff115b\"\/>\n\t\t\t<input type=\"hidden\" name=\"referer_title\" value=\"B\u00e6rekraftsstrategi - Norske Backer\" \/>\n\n\t\t\t\t\t\t\t<input type=\"hidden\" name=\"queried_id\" value=\"638\"\/>\n\t\t\t\n\t\t\t<div class=\"elementor-form-fields-wrapper elementor-labels-\">\n\t\t\t\t\t\t\t\t<div class=\"elementor-field-type-text elementor-field-group elementor-column elementor-field-group-name elementor-col-50 elementor-field-required\">\n\t\t\t\t\t\t\t\t\t\t\t\t<label for=\"form-field-name\" class=\"elementor-field-label elementor-screen-only\">\n\t\t\t\t\t\t\t\tDitt navn\t\t\t\t\t\t\t<\/label>\n\t\t\t\t\t\t\t\t\t\t\t\t\t\t<input size=\"1\" type=\"text\" name=\"form_fields[name]\" id=\"form-field-name\" class=\"elementor-field elementor-size-sm  elementor-field-textual\" placeholder=\"Ditt navn\" required=\"required\">\n\t\t\t\t\t\t\t\t\t\t\t<\/div>\n\t\t\t\t\t\t\t\t<div class=\"elementor-field-type-text elementor-field-group elementor-column elementor-field-group-field_e97f119 elementor-col-50 elementor-field-required\">\n\t\t\t\t\t\t\t\t\t\t\t\t<label for=\"form-field-field_e97f119\" class=\"elementor-field-label elementor-screen-only\">\n\t\t\t\t\t\t\t\tFirmanavn\t\t\t\t\t\t\t<\/label>\n\t\t\t\t\t\t\t\t\t\t\t\t\t\t<input size=\"1\" type=\"text\" name=\"form_fields[field_e97f119]\" id=\"form-field-field_e97f119\" class=\"elementor-field elementor-size-sm  elementor-field-textual\" placeholder=\"Firmanavn\" required=\"required\">\n\t\t\t\t\t\t\t\t\t\t\t<\/div>\n\t\t\t\t\t\t\t\t<div class=\"elementor-field-type-email elementor-field-group elementor-column elementor-field-group-email elementor-col-50 elementor-field-required\">\n\t\t\t\t\t\t\t\t\t\t\t\t<label for=\"form-field-email\" class=\"elementor-field-label elementor-screen-only\">\n\t\t\t\t\t\t\t\tEmail\t\t\t\t\t\t\t<\/label>\n\t\t\t\t\t\t\t\t\t\t\t\t\t\t<input size=\"1\" type=\"email\" name=\"form_fields[email]\" id=\"form-field-email\" class=\"elementor-field elementor-size-sm  elementor-field-textual\" placeholder=\"E-post\" required=\"required\">\n\t\t\t\t\t\t\t\t\t\t\t<\/div>\n\t\t\t\t\t\t\t\t<div class=\"elementor-field-type-text elementor-field-group elementor-column elementor-field-group-field_e9c956d elementor-col-50 elementor-field-required\">\n\t\t\t\t\t\t\t\t\t\t\t\t<label for=\"form-field-field_e9c956d\" class=\"elementor-field-label elementor-screen-only\">\n\t\t\t\t\t\t\t\tTelefonnummer\t\t\t\t\t\t\t<\/label>\n\t\t\t\t\t\t\t\t\t\t\t\t\t\t<input size=\"1\" type=\"text\" name=\"form_fields[field_e9c956d]\" id=\"form-field-field_e9c956d\" class=\"elementor-field elementor-size-sm  elementor-field-textual\" placeholder=\"Telefonnummer\" required=\"required\">\n\t\t\t\t\t\t\t\t\t\t\t<\/div>\n\t\t\t\t\t\t\t\t<div class=\"elementor-field-type-textarea elementor-field-group elementor-column elementor-field-group-message elementor-col-100\">\n\t\t\t\t\t\t\t\t\t\t\t\t<label for=\"form-field-message\" class=\"elementor-field-label elementor-screen-only\">\n\t\t\t\t\t\t\t\tMessage\t\t\t\t\t\t\t<\/label>\n\t\t\t\t\t\t<textarea class=\"elementor-field-textual elementor-field  elementor-size-sm\" name=\"form_fields[message]\" id=\"form-field-message\" rows=\"4\" placeholder=\"Hva trenger du?\"><\/textarea>\t\t\t\t<\/div>\n\t\t\t\t\t\t\t\t<div class=\"elementor-field-type-recaptcha_v3 elementor-field-group elementor-column elementor-field-group-field_5b388eb elementor-col-100 recaptcha_v3-bottomright\">\n\t\t\t\t\t<div class=\"elementor-field\" id=\"form-field-field_5b388eb\"><div class=\"elementor-g-recaptcha\" data-sitekey=\"6Ld9SsApAAAAAGCzFYtipQmhkUj47HS7iP_SbhoO\" data-type=\"v3\" data-action=\"Form\" data-badge=\"bottomright\" data-size=\"invisible\"><\/div><\/div>\t\t\t\t<\/div>\n\t\t\t\t\t\t\t\t<div class=\"elementor-field-group elementor-column elementor-field-type-submit elementor-col-100 e-form__buttons\">\n\t\t\t\t\t<button class=\"elementor-button elementor-size-sm\" type=\"submit\">\n\t\t\t\t\t\t<span class=\"elementor-button-content-wrapper\">\n\t\t\t\t\t\t\t\t\t\t\t\t\t\t\t\t\t\t\t\t\t\t<span class=\"elementor-button-text\">Send<\/span>\n\t\t\t\t\t\t\t\t\t\t\t\t\t<\/span>\n\t\t\t\t\t<\/button>\n\t\t\t\t<\/div>\n\t\t\t<\/div>\n\t\t<input\n                    class=\"apbct_special_field apbct_email_id__elementor_form\"\n                    name=\"apbct__email_id__elementor_form\"\n                    aria-label=\"apbct__label_id__elementor_form\"\n                    type=\"text\" size=\"30\" maxlength=\"200\" autocomplete=\"off\"\n                    value=\"\"\n                \/><\/form>\n\t\t\t\t\t\t<\/div>\n\t\t\t\t<\/div>\n\t\t\t\t\t<\/div>\n\t\t\t\t<\/div>\n\t\t\t\t<\/div>\n\t\t","protected":false},"excerpt":{"rendered":"<p>B\u00e6rekraftsstrategi I Norske Backer jobber vi aktivt for \u00e5 bidra med \u00e5 redusere klimaavtrykket. Vi tar b\u00e6rekraftig utvikling p\u00e5 alvor, og er opptatt av \u00e5 ta vare p\u00e5 samfunnet og milj\u00f8et rundt oss. Vi har produkter og tjenester som er basert p\u00e5 bruk av elektrisitet som oppvarming, fremfor fossile energikilder som eksempelvis gass og kull. [&hellip;]<\/p>\n","protected":false},"author":1,"featured_media":0,"parent":0,"menu_order":0,"comment_status":"closed","ping_status":"closed","template":"","meta":{"_acf_changed":false,"footnotes":""},"class_list":["post-638","page","type-page","status-publish","hentry"],"acf":[],"_links":{"self":[{"href":"https:\/\/norskebacker.no\/en\/wp-json\/wp\/v2\/pages\/638","targetHints":{"allow":["GET"]}}],"collection":[{"href":"https:\/\/norskebacker.no\/en\/wp-json\/wp\/v2\/pages"}],"about":[{"href":"https:\/\/norskebacker.no\/en\/wp-json\/wp\/v2\/types\/page"}],"author":[{"embeddable":true,"href":"https:\/\/norskebacker.no\/en\/wp-json\/wp\/v2\/users\/1"}],"replies":[{"embeddable":true,"href":"https:\/\/norskebacker.no\/en\/wp-json\/wp\/v2\/comments?post=638"}],"version-history":[{"count":5,"href":"https:\/\/norskebacker.no\/en\/wp-json\/wp\/v2\/pages\/638\/revisions"}],"predecessor-version":[{"id":12781,"href":"https:\/\/norskebacker.no\/en\/wp-json\/wp\/v2\/pages\/638\/revisions\/12781"}],"wp:attachment":[{"href":"https:\/\/norskebacker.no\/en\/wp-json\/wp\/v2\/media?parent=638"}],"curies":[{"name":"wp","href":"https:\/\/api.w.org\/{rel}","templated":true}]}}