{"id":666,"date":"2024-03-19T13:06:58","date_gmt":"2024-03-19T13:06:58","guid":{"rendered":"https:\/\/norskebacker.no\/?page_id=666"},"modified":"2024-05-05T20:03:03","modified_gmt":"2024-05-05T20:03:03","slug":"science-based-target-initiative","status":"publish","type":"page","link":"https:\/\/norskebacker.no\/en\/sustainability-strategy\/science-based-target-initiative\/","title":{"rendered":"Science Based Target Initiative"},"content":{"rendered":"\t\t<div data-elementor-type=\"wp-page\" data-elementor-id=\"666\" class=\"elementor elementor-666\" data-elementor-post-type=\"page\">\n\t\t\t\t<div class=\"elementor-element elementor-element-4f2497f e-con-full e-flex e-con e-parent\" data-id=\"4f2497f\" data-element_type=\"container\" data-e-type=\"container\" data-settings=\"{&quot;background_background&quot;:&quot;classic&quot;}\">\n\t\t\t\t<div class=\"elementor-element elementor-element-0c3fc38 elementor-widget elementor-widget-spacer\" data-id=\"0c3fc38\" data-element_type=\"widget\" data-e-type=\"widget\" data-widget_type=\"spacer.default\">\n\t\t\t\t<div class=\"elementor-widget-container\">\n\t\t\t\t\t\t\t<div class=\"elementor-spacer\">\n\t\t\t<div class=\"elementor-spacer-inner\"><\/div>\n\t\t<\/div>\n\t\t\t\t\t\t<\/div>\n\t\t\t\t<\/div>\n\t\t\t\t<\/div>\n\t\t<div class=\"elementor-element elementor-element-7956f7f e-flex e-con-boxed e-con e-parent\" data-id=\"7956f7f\" data-element_type=\"container\" data-e-type=\"container\">\n\t\t\t\t\t<div class=\"e-con-inner\">\n\t\t<div class=\"elementor-element elementor-element-3f3c234 e-con-full e-flex e-con e-child\" data-id=\"3f3c234\" data-element_type=\"container\" data-e-type=\"container\">\n\t\t\t\t<div class=\"elementor-element elementor-element-e281ac6 elementor-widget elementor-widget-heading\" data-id=\"e281ac6\" data-element_type=\"widget\" data-e-type=\"widget\" data-widget_type=\"heading.default\">\n\t\t\t\t<div class=\"elementor-widget-container\">\n\t\t\t\t\t<h1 class=\"elementor-heading-title elementor-size-default\">Norske Backer har forpliktet seg til Science Based Target iniative p\u00e5 SME l\u00f8pet!<\/h1>\t\t\t\t<\/div>\n\t\t\t\t<\/div>\n\t\t\t\t<\/div>\n\t\t<div class=\"elementor-element elementor-element-7e73ee7 e-con-full e-flex e-con e-child\" data-id=\"7e73ee7\" data-element_type=\"container\" data-e-type=\"container\">\n\t\t\t\t<div class=\"elementor-element elementor-element-106e580 elementor-widget elementor-widget-image\" data-id=\"106e580\" data-element_type=\"widget\" data-e-type=\"widget\" data-widget_type=\"image.default\">\n\t\t\t\t<div class=\"elementor-widget-container\">\n\t\t\t\t\t\t\t\t\t\t\t\t\t\t\t<img fetchpriority=\"high\" decoding=\"async\" width=\"800\" height=\"443\" src=\"https:\/\/norskebacker.no\/wp-content\/uploads\/2024\/03\/sbti-banner-1024x567.jpg\" class=\"attachment-large size-large wp-image-642\" alt=\"Banner for Science Based Targets\" srcset=\"https:\/\/norskebacker.no\/wp-content\/uploads\/2024\/03\/sbti-banner-1024x567.jpg 1024w, https:\/\/norskebacker.no\/wp-content\/uploads\/2024\/03\/sbti-banner-600x332.jpg 600w, https:\/\/norskebacker.no\/wp-content\/uploads\/2024\/03\/sbti-banner-300x166.jpg 300w, https:\/\/norskebacker.no\/wp-content\/uploads\/2024\/03\/sbti-banner-768x425.jpg 768w, https:\/\/norskebacker.no\/wp-content\/uploads\/2024\/03\/sbti-banner-18x10.jpg 18w, https:\/\/norskebacker.no\/wp-content\/uploads\/2024\/03\/sbti-banner.jpg 1223w\" sizes=\"(max-width: 800px) 100vw, 800px\" \/>\t\t\t\t\t\t\t\t\t\t\t\t\t\t\t<\/div>\n\t\t\t\t<\/div>\n\t\t\t\t<\/div>\n\t\t\t\t\t<\/div>\n\t\t\t\t<\/div>\n\t\t<div class=\"elementor-element elementor-element-355b299 e-flex e-con-boxed e-con e-parent\" data-id=\"355b299\" data-element_type=\"container\" data-e-type=\"container\">\n\t\t\t\t\t<div class=\"e-con-inner\">\n\t\t\t\t<div class=\"elementor-element elementor-element-8116684 elementor-widget__width-initial elementor-widget elementor-widget-text-editor\" data-id=\"8116684\" data-element_type=\"widget\" data-e-type=\"widget\" data-widget_type=\"text-editor.default\">\n\t\t\t\t<div class=\"elementor-widget-container\">\n\t\t\t\t\t\t\t\t\t<p><strong>Hva er Science Based Target initiative (SBTi)? <br \/><\/strong>Science Based Target initiative er et samarbeid mellom CDP, United Nations Global Compact, World Resources Institute og World Wide Fund for Nature. SBTi viser virksomheter og organisasjoner hvor mye og raskt utslippet m\u00e5 reduseres for \u00e5 unng\u00e5 de verste klimaendringene.<\/p><p>Et viktig grunnlag for SBTi er at verdens regjeringer forpliktet seg i 2015, i sammenheng med Parisavtalen, \u00e5 gj\u00f8re tiltak for \u00e5 begrense oppvarmingen til 1,5 grader over f\u00f8r-industrielt niv\u00e5. For at dette skal v\u00e6re mulig, m\u00e5 klimagassutslippet v\u00e6re halvert innen 2030, og v\u00e6re redusert til netto-null innen 2050.<\/p><p><strong>Forpliktet til SBTi<br \/><\/strong>I juni 2023 forpliktet vi oss til Science Based Target initative, hvor vi har forpliktet oss til \u00e5 redusere v\u00e5rt klimagassutslipp. Endelig kan vi fortelle denne gledelige nyheten til andre!\u00a0<\/p><p>Da vi er en virksomhet p\u00e5 under 500 ansatte, f\u00f8lger vi det som blir kalt SME-ruten. Denne ruten tillater sm\u00e5 og mellomstore bedrifter \u00e5 sende inn m\u00e5l gjennom en eksklusiv str\u00f8mlinjet m\u00e5lvalideringsrute. P\u00e5 denne m\u00e5ten kan sm\u00e5 og mellomstore bedrifter omg\u00e5 den innledende fasen av \u00e5 forplikte seg til \u00e5 sette et forskningsbasert m\u00e5l og en standard valideringsprosess.<\/p><p>Som en liten eller mellomstor virksomhet, har vi to m\u00e5lsettingsmuligheter. Vi kan sette et kortsiktig forskningsbasert m\u00e5l, hvor vi skal redusere v\u00e5rt klimagassutslipp p\u00e5 Scope 1 og Scope 2 innen 2030. Vi er ikke forpliktet til \u00e5 sette kortsiktige m\u00e5l p\u00e5 Scope 3, men er forpliktet til \u00e5 m\u00e5le og redusere disse utslippene.<\/p><p>Vi kan ogs\u00e5 sette et netto-null m\u00e5l. For \u00e5 kunne gj\u00f8re dette, m\u00e5 vi f\u00f8rst sette oss et kortsiktig m\u00e5l justert til en 1,5 graders bane. Netto-null m\u00e5lene inkluderer langsiktige forskningsbaserte m\u00e5l for \u00e5 redusere klimagassutslippet p\u00e5 scope 1, 2 og 3 innen 2050. I tillegg er man forpliktet til \u00e5 n\u00f8ytralisere alle uforminskede utslipp n\u00e5r det langsiktige forskningsbaserte m\u00e5let er n\u00e5dd.<\/p>\t\t\t\t\t\t\t\t<\/div>\n\t\t\t\t<\/div>\n\t\t\t\t<div class=\"elementor-element elementor-element-3363145 elementor-widget elementor-widget-heading\" data-id=\"3363145\" data-element_type=\"widget\" data-e-type=\"widget\" data-widget_type=\"heading.default\">\n\t\t\t\t<div class=\"elementor-widget-container\">\n\t\t\t\t\t<h2 class=\"elementor-heading-title elementor-size-default\">Norske Backers forpliktelse<\/h2>\t\t\t\t<\/div>\n\t\t\t\t<\/div>\n\t\t\t\t<div class=\"elementor-element elementor-element-f3b636a elementor-widget__width-initial elementor-widget elementor-widget-text-editor\" data-id=\"f3b636a\" data-element_type=\"widget\" data-e-type=\"widget\" data-widget_type=\"text-editor.default\">\n\t\t\t\t<div class=\"elementor-widget-container\">\n\t\t\t\t\t\t\t\t\t<p>Vi i Norske Backer har i f\u00f8rste omgang forpliktet oss til \u00e5 sette kortsiktige forskningsbaserte m\u00e5l. Vi skal redusere v\u00e5rt klimagassutslipp med minimum 40% innen 2030, og har satt 2022 som v\u00e5rt referanse\u00e5r. I forarbeidet med SBTi har vi brukt Variable for \u00e5 sette opp v\u00e5rt klimaregnskap. Vi fant ut at vi hadde et utslipp p\u00e5 totalt 315,08 tCO<sub>2<\/sub>e i 2022.<\/p>\t\t\t\t\t\t\t\t<\/div>\n\t\t\t\t<\/div>\n\t\t\t\t<div class=\"elementor-element elementor-element-7a97d23 elementor-widget__width-initial elementor-widget elementor-widget-text-editor\" data-id=\"7a97d23\" data-element_type=\"widget\" data-e-type=\"widget\" data-widget_type=\"text-editor.default\">\n\t\t\t\t<div class=\"elementor-widget-container\">\n\t\t\t\t\t\t\t\t\t<p>Vi i Norske Backer har i f\u00f8rste omgang forpliktet oss til \u00e5 sette kortsiktige forskningsbaserte m\u00e5l. Vi skal redusere v\u00e5rt klimagassutslipp med minimum 40% innen 2030, og har satt 2022 som v\u00e5rt referanse\u00e5r. I forarbeidet med SBTi har vi brukt Variable for \u00e5 sette opp v\u00e5rt klimaregnskap. Vi fant ut at vi hadde et utslipp p\u00e5 totalt 315,08 tCO<sub>2<\/sub>e i 2022.<\/p>\t\t\t\t\t\t\t\t<\/div>\n\t\t\t\t<\/div>\n\t\t\t\t\t<\/div>\n\t\t\t\t<\/div>\n\t\t\t\t<section class=\"elementor-section elementor-top-section elementor-element elementor-element-83e22de elementor-section-boxed elementor-section-height-default elementor-section-height-default\" data-id=\"83e22de\" data-element_type=\"section\" data-e-type=\"section\">\n\t\t\t\t\t\t<div class=\"elementor-container elementor-column-gap-default\">\n\t\t\t\t\t<div class=\"elementor-column elementor-col-100 elementor-top-column elementor-element elementor-element-d6153bf\" data-id=\"d6153bf\" data-element_type=\"column\" data-e-type=\"column\">\n\t\t\t<div class=\"elementor-widget-wrap elementor-element-populated\">\n\t\t\t\t\t\t<section class=\"elementor-section elementor-inner-section elementor-element elementor-element-8dacb3b elementor-section-boxed elementor-section-height-default elementor-section-height-default\" data-id=\"8dacb3b\" data-element_type=\"section\" data-e-type=\"section\">\n\t\t\t\t\t\t<div class=\"elementor-container elementor-column-gap-default\">\n\t\t\t\t\t<div class=\"elementor-column elementor-col-33 elementor-inner-column elementor-element elementor-element-acf1c1e\" data-id=\"acf1c1e\" data-element_type=\"column\" data-e-type=\"column\" data-settings=\"{&quot;background_background&quot;:&quot;classic&quot;}\">\n\t\t\t<div class=\"elementor-widget-wrap elementor-element-populated\">\n\t\t\t\t\t\t<div class=\"elementor-element elementor-element-be87073 elementor-widget elementor-widget-heading\" data-id=\"be87073\" data-element_type=\"widget\" data-e-type=\"widget\" data-widget_type=\"heading.default\">\n\t\t\t\t<div class=\"elementor-widget-container\">\n\t\t\t\t\t<span class=\"elementor-heading-title elementor-size-default\">Scope 1 <br \/> Direkte utslipp<\/span>\t\t\t\t<\/div>\n\t\t\t\t<\/div>\n\t\t\t\t<div class=\"elementor-element elementor-element-e3315fe elementor-widget elementor-widget-text-editor\" data-id=\"e3315fe\" data-element_type=\"widget\" data-e-type=\"widget\" data-widget_type=\"text-editor.default\">\n\t\t\t\t<div class=\"elementor-widget-container\">\n\t\t\t\t\t\t\t\t\t<p>Scope 1 omhandler de utslippene som er tilknyttet noe virksomheten eier selv, og er de direkte utslippene til en virksomhet.<\/p>\t\t\t\t\t\t\t\t<\/div>\n\t\t\t\t<\/div>\n\t\t\t\t<div class=\"elementor-element elementor-element-84d527b elementor-widget elementor-widget-heading\" data-id=\"84d527b\" data-element_type=\"widget\" data-e-type=\"widget\" data-widget_type=\"heading.default\">\n\t\t\t\t<div class=\"elementor-widget-container\">\n\t\t\t\t\t<span class=\"elementor-heading-title elementor-size-default\">V\u00e5rt utslipp i 2022<\/span>\t\t\t\t<\/div>\n\t\t\t\t<\/div>\n\t\t\t\t<div class=\"elementor-element elementor-element-63f64e0 elementor-widget elementor-widget-counter\" data-id=\"63f64e0\" data-element_type=\"widget\" data-e-type=\"widget\" data-widget_type=\"counter.default\">\n\t\t\t\t<div class=\"elementor-widget-container\">\n\t\t\t\t\t\t\t<div class=\"elementor-counter\">\n\t\t\t<div class=\"elementor-counter-title\">tCO2e (21%)<\/div>\t\t\t<div class=\"elementor-counter-number-wrapper\">\n\t\t\t\t<span class=\"elementor-counter-number-prefix\"><\/span>\n\t\t\t\t<span class=\"elementor-counter-number\" data-duration=\"2000\" data-to-value=\"65.38\" data-from-value=\"0\" data-delimiter=\",\">0<\/span>\n\t\t\t\t<span class=\"elementor-counter-number-suffix\"><\/span>\n\t\t\t<\/div>\n\t\t<\/div>\n\t\t\t\t\t\t<\/div>\n\t\t\t\t<\/div>\n\t\t\t\t\t<\/div>\n\t\t<\/div>\n\t\t\t\t<div class=\"elementor-column elementor-col-33 elementor-inner-column elementor-element elementor-element-6f978b1\" data-id=\"6f978b1\" data-element_type=\"column\" data-e-type=\"column\" data-settings=\"{&quot;background_background&quot;:&quot;classic&quot;}\">\n\t\t\t<div class=\"elementor-widget-wrap elementor-element-populated\">\n\t\t\t\t\t\t<div class=\"elementor-element elementor-element-39baaa6 elementor-widget elementor-widget-heading\" data-id=\"39baaa6\" data-element_type=\"widget\" data-e-type=\"widget\" data-widget_type=\"heading.default\">\n\t\t\t\t<div class=\"elementor-widget-container\">\n\t\t\t\t\t<span class=\"elementor-heading-title elementor-size-default\">Scope 2 <br \/> Elektrisitetsforbruk<\/span>\t\t\t\t<\/div>\n\t\t\t\t<\/div>\n\t\t\t\t<div class=\"elementor-element elementor-element-ba837fd elementor-widget elementor-widget-text-editor\" data-id=\"ba837fd\" data-element_type=\"widget\" data-e-type=\"widget\" data-widget_type=\"text-editor.default\">\n\t\t\t\t<div class=\"elementor-widget-container\">\n\t\t\t\t\t\t\t\t\t<p>Scope 2 omhandler de CO<sub>2<\/sub> utslippene som er relaterte til virksomhetens str\u00f8mforbruk og fjernvarmeforbruk.<\/p>\t\t\t\t\t\t\t\t<\/div>\n\t\t\t\t<\/div>\n\t\t\t\t<div class=\"elementor-element elementor-element-1fbb673 elementor-widget elementor-widget-heading\" data-id=\"1fbb673\" data-element_type=\"widget\" data-e-type=\"widget\" data-widget_type=\"heading.default\">\n\t\t\t\t<div class=\"elementor-widget-container\">\n\t\t\t\t\t<span class=\"elementor-heading-title elementor-size-default\">V\u00e5rt utslipp i 2022<\/span>\t\t\t\t<\/div>\n\t\t\t\t<\/div>\n\t\t\t\t<div class=\"elementor-element elementor-element-d84abef elementor-widget elementor-widget-counter\" data-id=\"d84abef\" data-element_type=\"widget\" data-e-type=\"widget\" data-widget_type=\"counter.default\">\n\t\t\t\t<div class=\"elementor-widget-container\">\n\t\t\t\t\t\t\t<div class=\"elementor-counter\">\n\t\t\t<div class=\"elementor-counter-title\">tCO2e (11%)<\/div>\t\t\t<div class=\"elementor-counter-number-wrapper\">\n\t\t\t\t<span class=\"elementor-counter-number-prefix\"><\/span>\n\t\t\t\t<span class=\"elementor-counter-number\" data-duration=\"2000\" data-to-value=\"34.83\" data-from-value=\"0\" data-delimiter=\",\">0<\/span>\n\t\t\t\t<span class=\"elementor-counter-number-suffix\"><\/span>\n\t\t\t<\/div>\n\t\t<\/div>\n\t\t\t\t\t\t<\/div>\n\t\t\t\t<\/div>\n\t\t\t\t\t<\/div>\n\t\t<\/div>\n\t\t\t\t<div class=\"elementor-column elementor-col-33 elementor-inner-column elementor-element elementor-element-5745e92\" data-id=\"5745e92\" data-element_type=\"column\" data-e-type=\"column\" data-settings=\"{&quot;background_background&quot;:&quot;classic&quot;}\">\n\t\t\t<div class=\"elementor-widget-wrap elementor-element-populated\">\n\t\t\t\t\t\t<div class=\"elementor-element elementor-element-d5e998b elementor-widget elementor-widget-heading\" data-id=\"d5e998b\" data-element_type=\"widget\" data-e-type=\"widget\" data-widget_type=\"heading.default\">\n\t\t\t\t<div class=\"elementor-widget-container\">\n\t\t\t\t\t<span class=\"elementor-heading-title elementor-size-default\">Scope 3 <br \/> Indirekte utslipp<\/span>\t\t\t\t<\/div>\n\t\t\t\t<\/div>\n\t\t\t\t<div class=\"elementor-element elementor-element-62c965c elementor-widget elementor-widget-text-editor\" data-id=\"62c965c\" data-element_type=\"widget\" data-e-type=\"widget\" data-widget_type=\"text-editor.default\">\n\t\t\t\t<div class=\"elementor-widget-container\">\n\t\t\t\t\t\t\t\t\t<p>Denne kategorien omhandler alle virksomhetens indirekte utslipp, utenom elektrisitetsforbruket som dekkes av scope 2. Det vil si alt av utslipp knyttet til varer og tjenester virksomheten kj\u00f8per og selger. Scope 3 kan derfor ogs\u00e5 deles inn i oppstr\u00f8ms og nedstr\u00f8ms utslipp.<\/p>\t\t\t\t\t\t\t\t<\/div>\n\t\t\t\t<\/div>\n\t\t\t\t<div class=\"elementor-element elementor-element-cc86e8f elementor-widget elementor-widget-heading\" data-id=\"cc86e8f\" data-element_type=\"widget\" data-e-type=\"widget\" data-widget_type=\"heading.default\">\n\t\t\t\t<div class=\"elementor-widget-container\">\n\t\t\t\t\t<span class=\"elementor-heading-title elementor-size-default\">V\u00e5rt utslipp i 2022<\/span>\t\t\t\t<\/div>\n\t\t\t\t<\/div>\n\t\t\t\t<div class=\"elementor-element elementor-element-c71e54d elementor-widget elementor-widget-counter\" data-id=\"c71e54d\" data-element_type=\"widget\" data-e-type=\"widget\" data-widget_type=\"counter.default\">\n\t\t\t\t<div class=\"elementor-widget-container\">\n\t\t\t\t\t\t\t<div class=\"elementor-counter\">\n\t\t\t<div class=\"elementor-counter-title\">tCO2e (68%)<\/div>\t\t\t<div class=\"elementor-counter-number-wrapper\">\n\t\t\t\t<span class=\"elementor-counter-number-prefix\"><\/span>\n\t\t\t\t<span class=\"elementor-counter-number\" data-duration=\"2000\" data-to-value=\"214.87\" data-from-value=\"0\" data-delimiter=\",\">0<\/span>\n\t\t\t\t<span class=\"elementor-counter-number-suffix\"><\/span>\n\t\t\t<\/div>\n\t\t<\/div>\n\t\t\t\t\t\t<\/div>\n\t\t\t\t<\/div>\n\t\t\t\t\t<\/div>\n\t\t<\/div>\n\t\t\t\t\t<\/div>\n\t\t<\/section>\n\t\t\t\t<div class=\"elementor-element elementor-element-d9b605a elementor-widget__width-initial elementor-widget elementor-widget-text-editor\" data-id=\"d9b605a\" data-element_type=\"widget\" data-e-type=\"widget\" data-widget_type=\"text-editor.default\">\n\t\t\t\t<div class=\"elementor-widget-container\">\n\t\t\t\t\t\t\t\t\t<p><span style=\"text-decoration: underline;\"><strong>F\u00f8rste \u00e5ret med klimaregnskap er over, og vi kan gledelig meddele at vi klarte \u00e5 redusere utslippet v\u00e5rt med hele 28% fra 2022 i scope 1 og 2!<\/strong><\/span><\/p><p><b>Hvordan vi skal n\u00e5 m\u00e5lene?<br \/><\/b><span style=\"color: var( --e-global-color-text ); font-family: var( --e-global-typography-text-font-family ), Sans-serif; font-weight: var( --e-global-typography-text-font-weight );\">Vi har satt opp en detaljert tiltaksplan som vi \u00f8nsker \u00e5 dele. Noen av tiltakene er allerede iverksatt, og noen tar vi forl\u00f8pende.<\/span><span style=\"color: var( --e-global-color-text ); font-family: var( --e-global-typography-text-font-family ), Sans-serif; font-weight: var( --e-global-typography-text-font-weight );\">\u00a0<\/span><\/p><p>&gt;&gt; <a href=\"\/wp-content\/uploads\/2024\/03\/Tiltak2-PDF.pdf\">Se tiltaksplanen v\u00e5r her\u00a0<\/a><br \/>&gt;&gt; <a href=\"https:\/\/norskebacker.no\/aktuelt\/\">F\u00f8lg v\u00e5r fremgang!\u00a0<\/a><br \/>&gt;&gt; <a href=\"https:\/\/sciencebasedtargets.org\/\" target=\"_blank\" rel=\"noopener\">Les mer om Science Based Target initative p\u00e5 deres hjemmeside!\u00a0<\/a><\/p>\t\t\t\t\t\t\t\t<\/div>\n\t\t\t\t<\/div>\n\t\t\t\t\t<\/div>\n\t\t<\/div>\n\t\t\t\t\t<\/div>\n\t\t<\/section>\n\t\t<div class=\"elementor-element elementor-element-75c7ae3 e-flex e-con-boxed e-con e-parent\" data-id=\"75c7ae3\" data-element_type=\"container\" data-e-type=\"container\">\n\t\t\t\t\t<div class=\"e-con-inner\">\n\t\t\t\t<div class=\"elementor-element elementor-element-92b4a17 elementor-widget elementor-widget-heading\" data-id=\"92b4a17\" data-element_type=\"widget\" data-e-type=\"widget\" data-widget_type=\"heading.default\">\n\t\t\t\t<div class=\"elementor-widget-container\">\n\t\t\t\t\t<h2 class=\"elementor-heading-title elementor-size-default\">Har du sp\u00f8rsm\u00e5l om b\u00e6rekraft?<\/h2>\t\t\t\t<\/div>\n\t\t\t\t<\/div>\n\t\t\t\t<div class=\"elementor-element elementor-element-5571af6 elementor-button-align-stretch elementor-widget elementor-widget-form\" data-id=\"5571af6\" data-element_type=\"widget\" data-e-type=\"widget\" data-settings=\"{&quot;step_next_label&quot;:&quot;Next&quot;,&quot;step_previous_label&quot;:&quot;Previous&quot;,&quot;button_width&quot;:&quot;100&quot;,&quot;step_type&quot;:&quot;number_text&quot;,&quot;step_icon_shape&quot;:&quot;circle&quot;}\" data-widget_type=\"form.default\">\n\t\t\t\t<div class=\"elementor-widget-container\">\n\t\t\t\t\t\t\t<form class=\"elementor-form\" method=\"post\" name=\"B\u00e6rekraft\" aria-label=\"B\u00e6rekraft\">\n\t\t\t<input type=\"hidden\" name=\"post_id\" value=\"666\"\/>\n\t\t\t<input type=\"hidden\" name=\"form_id\" value=\"5571af6\"\/>\n\t\t\t<input type=\"hidden\" name=\"referer_title\" value=\"Science Based Target Initiative - Norske Backer\" \/>\n\n\t\t\t\t\t\t\t<input type=\"hidden\" name=\"queried_id\" value=\"666\"\/>\n\t\t\t\n\t\t\t<div class=\"elementor-form-fields-wrapper elementor-labels-\">\n\t\t\t\t\t\t\t\t<div class=\"elementor-field-type-text elementor-field-group elementor-column elementor-field-group-name elementor-col-50 elementor-field-required\">\n\t\t\t\t\t\t\t\t\t\t\t\t<label for=\"form-field-name\" class=\"elementor-field-label elementor-screen-only\">\n\t\t\t\t\t\t\t\tDitt navn\t\t\t\t\t\t\t<\/label>\n\t\t\t\t\t\t\t\t\t\t\t\t\t\t<input size=\"1\" type=\"text\" name=\"form_fields[name]\" id=\"form-field-name\" class=\"elementor-field elementor-size-sm  elementor-field-textual\" placeholder=\"Ditt navn\" required=\"required\">\n\t\t\t\t\t\t\t\t\t\t\t<\/div>\n\t\t\t\t\t\t\t\t<div class=\"elementor-field-type-text elementor-field-group elementor-column elementor-field-group-field_e97f119 elementor-col-50 elementor-field-required\">\n\t\t\t\t\t\t\t\t\t\t\t\t<label for=\"form-field-field_e97f119\" class=\"elementor-field-label elementor-screen-only\">\n\t\t\t\t\t\t\t\tFirmanavn\t\t\t\t\t\t\t<\/label>\n\t\t\t\t\t\t\t\t\t\t\t\t\t\t<input size=\"1\" type=\"text\" name=\"form_fields[field_e97f119]\" id=\"form-field-field_e97f119\" class=\"elementor-field elementor-size-sm  elementor-field-textual\" placeholder=\"Firmanavn\" required=\"required\">\n\t\t\t\t\t\t\t\t\t\t\t<\/div>\n\t\t\t\t\t\t\t\t<div class=\"elementor-field-type-email elementor-field-group elementor-column elementor-field-group-email elementor-col-50 elementor-field-required\">\n\t\t\t\t\t\t\t\t\t\t\t\t<label for=\"form-field-email\" class=\"elementor-field-label elementor-screen-only\">\n\t\t\t\t\t\t\t\tEmail\t\t\t\t\t\t\t<\/label>\n\t\t\t\t\t\t\t\t\t\t\t\t\t\t<input size=\"1\" type=\"email\" name=\"form_fields[email]\" id=\"form-field-email\" class=\"elementor-field elementor-size-sm  elementor-field-textual\" placeholder=\"E-post\" required=\"required\">\n\t\t\t\t\t\t\t\t\t\t\t<\/div>\n\t\t\t\t\t\t\t\t<div class=\"elementor-field-type-text elementor-field-group elementor-column elementor-field-group-field_e9c956d elementor-col-50 elementor-field-required\">\n\t\t\t\t\t\t\t\t\t\t\t\t<label for=\"form-field-field_e9c956d\" class=\"elementor-field-label elementor-screen-only\">\n\t\t\t\t\t\t\t\tTelefonnummer\t\t\t\t\t\t\t<\/label>\n\t\t\t\t\t\t\t\t\t\t\t\t\t\t<input size=\"1\" type=\"text\" name=\"form_fields[field_e9c956d]\" id=\"form-field-field_e9c956d\" class=\"elementor-field elementor-size-sm  elementor-field-textual\" placeholder=\"Telefonnummer\" required=\"required\">\n\t\t\t\t\t\t\t\t\t\t\t<\/div>\n\t\t\t\t\t\t\t\t<div class=\"elementor-field-type-textarea elementor-field-group elementor-column elementor-field-group-message elementor-col-100\">\n\t\t\t\t\t\t\t\t\t\t\t\t<label for=\"form-field-message\" class=\"elementor-field-label elementor-screen-only\">\n\t\t\t\t\t\t\t\tMessage\t\t\t\t\t\t\t<\/label>\n\t\t\t\t\t\t<textarea class=\"elementor-field-textual elementor-field  elementor-size-sm\" name=\"form_fields[message]\" id=\"form-field-message\" rows=\"4\" placeholder=\"Hva trenger du?\"><\/textarea>\t\t\t\t<\/div>\n\t\t\t\t\t\t\t\t<div class=\"elementor-field-group elementor-column elementor-field-type-submit elementor-col-100 e-form__buttons\">\n\t\t\t\t\t<button class=\"elementor-button elementor-size-sm\" type=\"submit\">\n\t\t\t\t\t\t<span class=\"elementor-button-content-wrapper\">\n\t\t\t\t\t\t\t\t\t\t\t\t\t\t\t\t\t\t\t\t\t\t<span class=\"elementor-button-text\">Send<\/span>\n\t\t\t\t\t\t\t\t\t\t\t\t\t<\/span>\n\t\t\t\t\t<\/button>\n\t\t\t\t<\/div>\n\t\t\t<\/div>\n\t\t<input\n                    class=\"apbct_special_field apbct_email_id__elementor_form\"\n                    name=\"apbct__email_id__elementor_form\"\n                    aria-label=\"apbct__label_id__elementor_form\"\n                    type=\"text\" size=\"30\" maxlength=\"200\" autocomplete=\"off\"\n                    value=\"\"\n                \/><\/form>\n\t\t\t\t\t\t<\/div>\n\t\t\t\t<\/div>\n\t\t\t\t\t<\/div>\n\t\t\t\t<\/div>\n\t\t\t\t<\/div>\n\t\t","protected":false},"excerpt":{"rendered":"<p>Norske Backer har forpliktet seg til Science Based Target iniative p\u00e5 SME l\u00f8pet! Hva er Science Based Target initiative (SBTi)? Science Based Target initiative er et samarbeid mellom CDP, United Nations Global Compact, World Resources Institute og World Wide Fund for Nature. SBTi viser virksomheter og organisasjoner hvor mye og raskt utslippet m\u00e5 reduseres for [&hellip;]<\/p>\n","protected":false},"author":1,"featured_media":0,"parent":638,"menu_order":0,"comment_status":"closed","ping_status":"closed","template":"","meta":{"_acf_changed":false,"footnotes":""},"class_list":["post-666","page","type-page","status-publish","hentry"],"acf":[],"_links":{"self":[{"href":"https:\/\/norskebacker.no\/en\/wp-json\/wp\/v2\/pages\/666","targetHints":{"allow":["GET"]}}],"collection":[{"href":"https:\/\/norskebacker.no\/en\/wp-json\/wp\/v2\/pages"}],"about":[{"href":"https:\/\/norskebacker.no\/en\/wp-json\/wp\/v2\/types\/page"}],"author":[{"embeddable":true,"href":"https:\/\/norskebacker.no\/en\/wp-json\/wp\/v2\/users\/1"}],"replies":[{"embeddable":true,"href":"https:\/\/norskebacker.no\/en\/wp-json\/wp\/v2\/comments?post=666"}],"version-history":[{"count":5,"href":"https:\/\/norskebacker.no\/en\/wp-json\/wp\/v2\/pages\/666\/revisions"}],"predecessor-version":[{"id":12724,"href":"https:\/\/norskebacker.no\/en\/wp-json\/wp\/v2\/pages\/666\/revisions\/12724"}],"up":[{"embeddable":true,"href":"https:\/\/norskebacker.no\/en\/wp-json\/wp\/v2\/pages\/638"}],"wp:attachment":[{"href":"https:\/\/norskebacker.no\/en\/wp-json\/wp\/v2\/media?parent=666"}],"curies":[{"name":"wp","href":"https:\/\/api.w.org\/{rel}","templated":true}]}}