{"id":964,"date":"2024-03-22T08:14:00","date_gmt":"2024-03-22T08:14:00","guid":{"rendered":"https:\/\/norskebacker.no\/?page_id=964"},"modified":"2025-11-07T15:57:12","modified_gmt":"2025-11-07T14:57:12","slug":"skreddersom","status":"publish","type":"page","link":"https:\/\/norskebacker.no\/en\/products\/tailored\/","title":{"rendered":"Tailored"},"content":{"rendered":"\t\t<div data-elementor-type=\"wp-page\" data-elementor-id=\"964\" class=\"elementor elementor-964\" data-elementor-post-type=\"page\">\n\t\t\t\t<div class=\"elementor-element elementor-element-84ec65e e-flex e-con-boxed e-con e-parent\" data-id=\"84ec65e\" data-element_type=\"container\" data-e-type=\"container\">\n\t\t\t\t\t<div class=\"e-con-inner\">\n\t\t<div class=\"elementor-element elementor-element-3e3679a e-con-full e-flex e-con e-child\" data-id=\"3e3679a\" data-element_type=\"container\" data-e-type=\"container\">\n\t\t\t\t<div class=\"elementor-element elementor-element-4dffa7e elementor-widget elementor-widget-image\" data-id=\"4dffa7e\" data-element_type=\"widget\" data-e-type=\"widget\" data-widget_type=\"image.default\">\n\t\t\t\t<div class=\"elementor-widget-container\">\n\t\t\t\t\t\t\t\t\t\t\t\t\t\t\t<img fetchpriority=\"high\" decoding=\"async\" width=\"800\" height=\"523\" src=\"https:\/\/norskebacker.no\/wp-content\/uploads\/2024\/02\/exkolbe2.jpg\" class=\"attachment-large size-large wp-image-381\" alt=\"En mann produserer en varmekolbe med exd sertifisering\" srcset=\"https:\/\/norskebacker.no\/wp-content\/uploads\/2024\/02\/exkolbe2.jpg 800w, https:\/\/norskebacker.no\/wp-content\/uploads\/2024\/02\/exkolbe2-600x392.jpg 600w, https:\/\/norskebacker.no\/wp-content\/uploads\/2024\/02\/exkolbe2-300x196.jpg 300w, https:\/\/norskebacker.no\/wp-content\/uploads\/2024\/02\/exkolbe2-768x502.jpg 768w, https:\/\/norskebacker.no\/wp-content\/uploads\/2024\/02\/exkolbe2-18x12.jpg 18w\" sizes=\"(max-width: 800px) 100vw, 800px\" \/>\t\t\t\t\t\t\t\t\t\t\t\t\t\t\t<\/div>\n\t\t\t\t<\/div>\n\t\t\t\t<div class=\"elementor-element elementor-element-acb2a7b elementor-widget elementor-widget-heading\" data-id=\"acb2a7b\" data-element_type=\"widget\" data-e-type=\"widget\" data-widget_type=\"heading.default\">\n\t\t\t\t<div class=\"elementor-widget-container\">\n\t\t\t\t\t<h1 class=\"elementor-heading-title elementor-size-default\">Har du et industrielt varmebehov?<br>\u2013 Vi skreddersyr l\u00f8sninger for deg!<\/h1>\t\t\t\t<\/div>\n\t\t\t\t<\/div>\n\t\t\t\t<div class=\"elementor-element elementor-element-35a8f5a elementor-widget elementor-widget-text-editor\" data-id=\"35a8f5a\" data-element_type=\"widget\" data-e-type=\"widget\" data-widget_type=\"text-editor.default\">\n\t\t\t\t<div class=\"elementor-widget-container\">\n\t\t\t\t\t\t\t\t\t<p>Kundene kommer som regel til oss fordi de har et spesifikt oppvarmingsbehov til sin produksjonsprosess. Dette gjelder l\u00f8sninger man ikke kan f\u00e5 kj\u00f8pt som en standard andre steder. V\u00e5re designingeni\u00f8rer har erfaringen og kompetansen for \u00e5 designe den mest optimale oppvarmingsl\u00f8sningen for deg. Det er ofte mange hensyn som m\u00e5 tas, slik som st\u00f8rrelse, effektbehov, materialbruk, produktomgivelser, hva slags medier som skal varmes opp, osv. Alle slike faktorer blir tatt i betraktning, for \u00e5 sikre lengst mulig holdbarhet og kvalitet p\u00e5 l\u00f8sningene vi lager.<\/p>\t\t\t\t\t\t\t\t<\/div>\n\t\t\t\t<\/div>\n\t\t\t\t<div class=\"elementor-element elementor-element-dafa608 elementor-widget elementor-widget-text-editor\" data-id=\"dafa608\" data-element_type=\"widget\" data-e-type=\"widget\" data-widget_type=\"text-editor.default\">\n\t\t\t\t<div class=\"elementor-widget-container\">\n\t\t\t\t\t\t\t\t\t<p>Vi produserer p\u00e5 samme lokasjon hvor b\u00e5de salgs- og designingeni\u00f8rene sitter. Dette betyr at du kan v\u00e6re sikker p\u00e5 at l\u00f8sningen p\u00e5 tegnebordet blir til virkelighet i produksjonen. Jo tidligere vi kommer inn i et prosjekt, jo bedre kan vi sikre at viktige omr\u00e5der optimeres, som valg av materialer, komponenter, teknologi, temperaturstyring, energiforbruk, b\u00e6rekraft, kostnadseffektivitet og samsvar med alle gjeldende lover, forskrifter og standarder.<\/p><p><strong>Dette er v\u00e5r hverdag \u2013 derfor sier vi at skredders\u00f8m er v\u00e5r normal!<\/strong><\/p><p><a href=\"https:\/\/norskebacker.no\/referanseprosjekter\/\">Se eksempler p\u00e5 skredders\u00f8m her<\/a><\/p>\t\t\t\t\t\t\t\t<\/div>\n\t\t\t\t<\/div>\n\t\t\t\t<\/div>\n\t\t<div class=\"elementor-element elementor-element-357779b e-con-full e-flex e-con e-child\" data-id=\"357779b\" data-element_type=\"container\" data-e-type=\"container\" data-settings=\"{&quot;background_background&quot;:&quot;classic&quot;}\">\n\t\t\t\t<div class=\"elementor-element elementor-element-8e5fdac elementor-widget__width-initial elementor-widget elementor-widget-heading\" data-id=\"8e5fdac\" data-element_type=\"widget\" data-e-type=\"widget\" data-widget_type=\"heading.default\">\n\t\t\t\t<div class=\"elementor-widget-container\">\n\t\t\t\t\t<h2 class=\"elementor-heading-title elementor-size-default\">Har dere et behov innen oppvarming?\u200b\n<\/h2>\t\t\t\t<\/div>\n\t\t\t\t<\/div>\n\t\t\t\t<div class=\"elementor-element elementor-element-e8ed5aa elementor-widget__width-initial elementor-widget elementor-widget-text-editor\" data-id=\"e8ed5aa\" data-element_type=\"widget\" data-e-type=\"widget\" data-widget_type=\"text-editor.default\">\n\t\t\t\t<div class=\"elementor-widget-container\">\n\t\t\t\t\t\t\t\t\t<p>Vi bist\u00e5r dere med \u00e5 konkretisere id\u00e9en, og med m\u00e5lrettet samarbeid skaper vi en l\u00f8sning. Ideer, spesifikasjoner, forskning, utvikling og tester <strong>\u2013 alt i \u00e9n l\u00f8sning!<\/strong><\/p><p>Fyll ut skjemaet nedenfor s\u00e5 godt du kan, s\u00e5 tar vi kontakt med deg.<\/p>\t\t\t\t\t\t\t\t<\/div>\n\t\t\t\t<\/div>\n\t\t\t\t<div class=\"elementor-element elementor-element-88d609d elementor-button-align-start elementor-widget elementor-widget-form\" data-id=\"88d609d\" data-element_type=\"widget\" data-e-type=\"widget\" data-settings=\"{&quot;step_next_label&quot;:&quot;Next&quot;,&quot;step_previous_label&quot;:&quot;Previous&quot;,&quot;button_width&quot;:&quot;100&quot;,&quot;step_type&quot;:&quot;number_text&quot;,&quot;step_icon_shape&quot;:&quot;circle&quot;}\" data-widget_type=\"form.default\">\n\t\t\t\t<div class=\"elementor-widget-container\">\n\t\t\t\t\t\t\t<form class=\"elementor-form\" method=\"post\" name=\"Skredders\u00f8m - Nytt skjema\" aria-label=\"Skredders\u00f8m - Nytt skjema\">\n\t\t\t<input type=\"hidden\" name=\"post_id\" value=\"964\"\/>\n\t\t\t<input type=\"hidden\" name=\"form_id\" value=\"88d609d\"\/>\n\t\t\t<input type=\"hidden\" name=\"referer_title\" value=\"Skredders\u00f8m - Norske Backer\" \/>\n\n\t\t\t\t\t\t\t<input type=\"hidden\" name=\"queried_id\" value=\"964\"\/>\n\t\t\t\n\t\t\t<div class=\"elementor-form-fields-wrapper elementor-labels-above\">\n\t\t\t\t\t\t\t\t<div class=\"elementor-field-type-text elementor-field-group elementor-column elementor-field-group-name elementor-col-50 elementor-field-required\">\n\t\t\t\t\t\t\t\t\t\t\t\t<label for=\"form-field-name\" class=\"elementor-field-label\">\n\t\t\t\t\t\t\t\tDitt navn\t\t\t\t\t\t\t<\/label>\n\t\t\t\t\t\t\t\t\t\t\t\t\t\t<input size=\"1\" type=\"text\" name=\"form_fields[name]\" id=\"form-field-name\" class=\"elementor-field elementor-size-sm  elementor-field-textual\" required=\"required\">\n\t\t\t\t\t\t\t\t\t\t\t<\/div>\n\t\t\t\t\t\t\t\t<div class=\"elementor-field-type-text elementor-field-group elementor-column elementor-field-group-field_9cbfd21 elementor-col-50 elementor-field-required\">\n\t\t\t\t\t\t\t\t\t\t\t\t<label for=\"form-field-field_9cbfd21\" class=\"elementor-field-label\">\n\t\t\t\t\t\t\t\tFirmanavn\t\t\t\t\t\t\t<\/label>\n\t\t\t\t\t\t\t\t\t\t\t\t\t\t<input size=\"1\" type=\"text\" name=\"form_fields[field_9cbfd21]\" id=\"form-field-field_9cbfd21\" class=\"elementor-field elementor-size-sm  elementor-field-textual\" required=\"required\">\n\t\t\t\t\t\t\t\t\t\t\t<\/div>\n\t\t\t\t\t\t\t\t<div class=\"elementor-field-type-text elementor-field-group elementor-column elementor-field-group-field_9a96b23 elementor-col-50 elementor-field-required\">\n\t\t\t\t\t\t\t\t\t\t\t\t<label for=\"form-field-field_9a96b23\" class=\"elementor-field-label\">\n\t\t\t\t\t\t\t\tDitt telefonnummer\t\t\t\t\t\t\t<\/label>\n\t\t\t\t\t\t\t\t\t\t\t\t\t\t<input size=\"1\" type=\"text\" name=\"form_fields[field_9a96b23]\" id=\"form-field-field_9a96b23\" class=\"elementor-field elementor-size-sm  elementor-field-textual\" required=\"required\">\n\t\t\t\t\t\t\t\t\t\t\t<\/div>\n\t\t\t\t\t\t\t\t<div class=\"elementor-field-type-email elementor-field-group elementor-column elementor-field-group-email elementor-col-50 elementor-field-required\">\n\t\t\t\t\t\t\t\t\t\t\t\t<label for=\"form-field-email\" class=\"elementor-field-label\">\n\t\t\t\t\t\t\t\tDin e-post\t\t\t\t\t\t\t<\/label>\n\t\t\t\t\t\t\t\t\t\t\t\t\t\t<input size=\"1\" type=\"email\" name=\"form_fields[email]\" id=\"form-field-email\" class=\"elementor-field elementor-size-sm  elementor-field-textual\" required=\"required\">\n\t\t\t\t\t\t\t\t\t\t\t<\/div>\n\t\t\t\t\t\t\t\t<div class=\"elementor-field-type-text elementor-field-group elementor-column elementor-field-group-field_0b8e091 elementor-col-100\">\n\t\t\t\t\t\t\t\t\t\t\t\t<label for=\"form-field-field_0b8e091\" class=\"elementor-field-label\">\n\t\t\t\t\t\t\t\tHvilke mediet skal varmes opp?\t\t\t\t\t\t\t<\/label>\n\t\t\t\t\t\t\t\t\t\t\t\t\t\t<input size=\"1\" type=\"text\" name=\"form_fields[field_0b8e091]\" id=\"form-field-field_0b8e091\" class=\"elementor-field elementor-size-sm  elementor-field-textual\">\n\t\t\t\t\t\t\t\t\t\t\t<\/div>\n\t\t\t\t\t\t\t\t<div class=\"elementor-field-type-text elementor-field-group elementor-column elementor-field-group-field_0c75bf2 elementor-col-100\">\n\t\t\t\t\t\t\t\t\t\t\t\t<label for=\"form-field-field_0c75bf2\" class=\"elementor-field-label\">\n\t\t\t\t\t\t\t\tHvilket temperaturomr\u00e5de skal produktet ha?\t\t\t\t\t\t\t<\/label>\n\t\t\t\t\t\t\t\t\t\t\t\t\t\t<input size=\"1\" type=\"text\" name=\"form_fields[field_0c75bf2]\" id=\"form-field-field_0c75bf2\" class=\"elementor-field elementor-size-sm  elementor-field-textual\">\n\t\t\t\t\t\t\t\t\t\t\t<\/div>\n\t\t\t\t\t\t\t\t<div class=\"elementor-field-type-text elementor-field-group elementor-column elementor-field-group-field_9181920 elementor-col-100\">\n\t\t\t\t\t\t\t\t\t\t\t\t<label for=\"form-field-field_9181920\" class=\"elementor-field-label\">\n\t\t\t\t\t\t\t\tHvor h\u00f8yt trykk er det p\u00e5 mediet?\t\t\t\t\t\t\t<\/label>\n\t\t\t\t\t\t\t\t\t\t\t\t\t\t<input size=\"1\" type=\"text\" name=\"form_fields[field_9181920]\" id=\"form-field-field_9181920\" class=\"elementor-field elementor-size-sm  elementor-field-textual\">\n\t\t\t\t\t\t\t\t\t\t\t<\/div>\n\t\t\t\t\t\t\t\t<div class=\"elementor-field-type-text elementor-field-group elementor-column elementor-field-group-field_42430c3 elementor-col-100\">\n\t\t\t\t\t\t\t\t\t\t\t\t<label for=\"form-field-field_42430c3\" class=\"elementor-field-label\">\n\t\t\t\t\t\t\t\tHvilken effekt skal produktet ha?\t\t\t\t\t\t\t<\/label>\n\t\t\t\t\t\t\t\t\t\t\t\t\t\t<input size=\"1\" type=\"text\" name=\"form_fields[field_42430c3]\" id=\"form-field-field_42430c3\" class=\"elementor-field elementor-size-sm  elementor-field-textual\">\n\t\t\t\t\t\t\t\t\t\t\t<\/div>\n\t\t\t\t\t\t\t\t<div class=\"elementor-field-type-text elementor-field-group elementor-column elementor-field-group-field_5384099 elementor-col-100\">\n\t\t\t\t\t\t\t\t\t\t\t\t<label for=\"form-field-field_5384099\" class=\"elementor-field-label\">\n\t\t\t\t\t\t\t\tHvilke fysiske m\u00e5l gjelder for produktet?\t\t\t\t\t\t\t<\/label>\n\t\t\t\t\t\t\t\t\t\t\t\t\t\t<input size=\"1\" type=\"text\" name=\"form_fields[field_5384099]\" id=\"form-field-field_5384099\" class=\"elementor-field elementor-size-sm  elementor-field-textual\">\n\t\t\t\t\t\t\t\t\t\t\t<\/div>\n\t\t\t\t\t\t\t\t<div class=\"elementor-field-type-text elementor-field-group elementor-column elementor-field-group-field_7bc846d elementor-col-100\">\n\t\t\t\t\t\t\t\t\t\t\t\t<label for=\"form-field-field_7bc846d\" class=\"elementor-field-label\">\n\t\t\t\t\t\t\t\tHvilken driftspenning skal produktet ha?\t\t\t\t\t\t\t<\/label>\n\t\t\t\t\t\t\t\t\t\t\t\t\t\t<input size=\"1\" type=\"text\" name=\"form_fields[field_7bc846d]\" id=\"form-field-field_7bc846d\" class=\"elementor-field elementor-size-sm  elementor-field-textual\">\n\t\t\t\t\t\t\t\t\t\t\t<\/div>\n\t\t\t\t\t\t\t\t<div class=\"elementor-field-type-text elementor-field-group elementor-column elementor-field-group-field_b965cd0 elementor-col-100\">\n\t\t\t\t\t\t\t\t\t\t\t\t<label for=\"form-field-field_b965cd0\" class=\"elementor-field-label\">\n\t\t\t\t\t\t\t\tHva er omgivelses milj\u00f8 og temperatur for produktet?\t\t\t\t\t\t\t<\/label>\n\t\t\t\t\t\t\t\t\t\t\t\t\t\t<input size=\"1\" type=\"text\" name=\"form_fields[field_b965cd0]\" id=\"form-field-field_b965cd0\" class=\"elementor-field elementor-size-sm  elementor-field-textual\">\n\t\t\t\t\t\t\t\t\t\t\t<\/div>\n\t\t\t\t\t\t\t\t<div class=\"elementor-field-type-text elementor-field-group elementor-column elementor-field-group-field_b34e28e elementor-col-100\">\n\t\t\t\t\t\t\t\t\t\t\t\t<label for=\"form-field-field_b34e28e\" class=\"elementor-field-label\">\n\t\t\t\t\t\t\t\tSkal kolben monteres vertikalt eller horisontalt?\t\t\t\t\t\t\t<\/label>\n\t\t\t\t\t\t\t\t\t\t\t\t\t\t<input size=\"1\" type=\"text\" name=\"form_fields[field_b34e28e]\" id=\"form-field-field_b34e28e\" class=\"elementor-field elementor-size-sm  elementor-field-textual\">\n\t\t\t\t\t\t\t\t\t\t\t<\/div>\n\t\t\t\t\t\t\t\t<div class=\"elementor-field-type-textarea elementor-field-group elementor-column elementor-field-group-field_15e9f58 elementor-col-100\">\n\t\t\t\t\t\t\t\t\t\t\t\t<label for=\"form-field-field_15e9f58\" class=\"elementor-field-label\">\n\t\t\t\t\t\t\t\tAnnen informasjon\t\t\t\t\t\t\t<\/label>\n\t\t\t\t\t\t<textarea class=\"elementor-field-textual elementor-field  elementor-size-sm\" name=\"form_fields[field_15e9f58]\" id=\"form-field-field_15e9f58\" rows=\"4\" placeholder=\"Har du annen informasjon du tenker vi burde vite?\"><\/textarea>\t\t\t\t<\/div>\n\t\t\t\t\t\t\t\t<div class=\"elementor-field-type-recaptcha_v3 elementor-field-group elementor-column elementor-field-group-field_812abee elementor-col-100 recaptcha_v3-bottomright\">\n\t\t\t\t\t<div class=\"elementor-field\" id=\"form-field-field_812abee\"><div class=\"elementor-g-recaptcha\" data-sitekey=\"6Ld9SsApAAAAAGCzFYtipQmhkUj47HS7iP_SbhoO\" data-type=\"v3\" data-action=\"Form\" data-badge=\"bottomright\" data-size=\"invisible\"><\/div><\/div>\t\t\t\t<\/div>\n\t\t\t\t\t\t\t\t<div class=\"elementor-field-group elementor-column elementor-field-type-submit elementor-col-100 e-form__buttons\">\n\t\t\t\t\t<button class=\"elementor-button elementor-size-sm\" type=\"submit\">\n\t\t\t\t\t\t<span class=\"elementor-button-content-wrapper\">\n\t\t\t\t\t\t\t\t\t\t\t\t\t\t\t\t\t\t\t\t\t\t<span class=\"elementor-button-text\">Send foresp\u00f8rsel<\/span>\n\t\t\t\t\t\t\t\t\t\t\t\t\t<\/span>\n\t\t\t\t\t<\/button>\n\t\t\t\t<\/div>\n\t\t\t<\/div>\n\t\t<input\n                    class=\"apbct_special_field apbct_email_id__elementor_form\"\n                    name=\"apbct__email_id__elementor_form\"\n                    aria-label=\"apbct__label_id__elementor_form\"\n                    type=\"text\" size=\"30\" maxlength=\"200\" autocomplete=\"off\"\n                    value=\"\"\n                \/><\/form>\n\t\t\t\t\t\t<\/div>\n\t\t\t\t<\/div>\n\t\t\t\t<\/div>\n\t\t\t\t\t<\/div>\n\t\t\t\t<\/div>\n\t\t\t\t<\/div>\n\t\t","protected":false},"excerpt":{"rendered":"<p>Har du et industrielt varmebehov?\u2013 Vi skreddersyr l\u00f8sninger for deg! Kundene kommer som regel til oss fordi de har et spesifikt oppvarmingsbehov til sin produksjonsprosess. Dette gjelder l\u00f8sninger man ikke kan f\u00e5 kj\u00f8pt som en standard andre steder. V\u00e5re designingeni\u00f8rer har erfaringen og kompetansen for \u00e5 designe den mest optimale oppvarmingsl\u00f8sningen for deg. Det er [&hellip;]<\/p>\n","protected":false},"author":1,"featured_media":0,"parent":255,"menu_order":0,"comment_status":"closed","ping_status":"closed","template":"","meta":{"_acf_changed":false,"footnotes":""},"class_list":["post-964","page","type-page","status-publish","hentry"],"acf":[],"_links":{"self":[{"href":"https:\/\/norskebacker.no\/en\/wp-json\/wp\/v2\/pages\/964","targetHints":{"allow":["GET"]}}],"collection":[{"href":"https:\/\/norskebacker.no\/en\/wp-json\/wp\/v2\/pages"}],"about":[{"href":"https:\/\/norskebacker.no\/en\/wp-json\/wp\/v2\/types\/page"}],"author":[{"embeddable":true,"href":"https:\/\/norskebacker.no\/en\/wp-json\/wp\/v2\/users\/1"}],"replies":[{"embeddable":true,"href":"https:\/\/norskebacker.no\/en\/wp-json\/wp\/v2\/comments?post=964"}],"version-history":[{"count":5,"href":"https:\/\/norskebacker.no\/en\/wp-json\/wp\/v2\/pages\/964\/revisions"}],"predecessor-version":[{"id":14723,"href":"https:\/\/norskebacker.no\/en\/wp-json\/wp\/v2\/pages\/964\/revisions\/14723"}],"up":[{"embeddable":true,"href":"https:\/\/norskebacker.no\/en\/wp-json\/wp\/v2\/pages\/255"}],"wp:attachment":[{"href":"https:\/\/norskebacker.no\/en\/wp-json\/wp\/v2\/media?parent=964"}],"curies":[{"name":"wp","href":"https:\/\/api.w.org\/{rel}","templated":true}]}}