{"id":977,"date":"2024-03-22T08:23:59","date_gmt":"2024-03-22T08:23:59","guid":{"rendered":"https:\/\/norskebacker.no\/?page_id=977"},"modified":"2025-02-10T10:59:43","modified_gmt":"2025-02-10T10:59:43","slug":"var-metode","status":"publish","type":"page","link":"https:\/\/norskebacker.no\/en\/our-method\/","title":{"rendered":"Our method"},"content":{"rendered":"<div data-elementor-type=\"wp-page\" data-elementor-id=\"977\" class=\"elementor elementor-977\" data-elementor-post-type=\"page\">\n\t\t\t\t<div class=\"elementor-element elementor-element-4f2497f e-con-full e-flex e-con e-parent\" data-id=\"4f2497f\" data-element_type=\"container\" data-e-type=\"container\" data-settings=\"{&quot;background_background&quot;:&quot;classic&quot;}\">\n\t\t\t\t<div class=\"elementor-element elementor-element-0c3fc38 elementor-widget elementor-widget-spacer\" data-id=\"0c3fc38\" data-element_type=\"widget\" data-e-type=\"widget\" data-widget_type=\"spacer.default\">\n\t\t\t\t<div class=\"elementor-widget-container\">\n\t\t\t\t\t\t\t<div class=\"elementor-spacer\">\n\t\t\t<div class=\"elementor-spacer-inner\"><\/div>\n\t\t<\/div>\n\t\t\t\t\t\t<\/div>\n\t\t\t\t<\/div>\n\t\t\t\t<\/div>\n\t\t<div class=\"elementor-element elementor-element-7956f7f e-flex e-con-boxed e-con e-parent\" data-id=\"7956f7f\" data-element_type=\"container\" data-e-type=\"container\">\n\t\t\t\t\t<div class=\"e-con-inner\">\n\t\t<div class=\"elementor-element elementor-element-3f3c234 e-con-full e-flex e-con e-child\" data-id=\"3f3c234\" data-element_type=\"container\" data-e-type=\"container\">\n\t\t\t\t<div class=\"elementor-element elementor-element-e281ac6 elementor-widget elementor-widget-heading\" data-id=\"e281ac6\" data-element_type=\"widget\" data-e-type=\"widget\" data-widget_type=\"heading.default\">\n\t\t\t\t<div class=\"elementor-widget-container\">\n\t\t\t\t\t<h1 class=\"elementor-heading-title elementor-size-default\">Our method<\/h1>\t\t\t\t<\/div>\n\t\t\t\t<\/div>\n\t\t\t\t<div class=\"elementor-element elementor-element-f97b004 elementor-widget elementor-widget-text-editor\" data-id=\"f97b004\" data-element_type=\"widget\" data-e-type=\"widget\" data-widget_type=\"text-editor.default\">\n\t\t\t\t<div class=\"elementor-widget-container\">\n\t\t\t\t\t\t\t\t\t<p>Norske Backer\u2019s history dates back to 1969. Back then it was mostly about mass production of heating elements for panel ovens, fryers and water heaters.\n\nIt was Christian Backer who invented the heating element in 1909 \u2013 and you can find that story here!<\/p><p>Although the basic component is still the heating element, the solutions we provide our customers are much more complex today.\n\nWe tailor the solution that provides the best heating for the customer\u2019s needs. Regardless of whether what is to be heated is salt water, oil, gas or air.<\/p><p>We therefore have more direct contact and cooperation with you to be able to tailor a solution that meets your heating needs.<\/p><p><strong>Today, we are the only company in Norway that manufactures heating elements.<\/strong><\/p>\t\t\t\t\t\t\t\t<\/div>\n\t\t\t\t<\/div>\n\t\t\t\t<\/div>\n\t\t<div class=\"elementor-element elementor-element-7e73ee7 e-con-full e-flex e-con e-child\" data-id=\"7e73ee7\" data-element_type=\"container\" data-e-type=\"container\">\n\t\t\t\t<\/div>\n\t\t\t\t\t<\/div>\n\t\t\t\t<\/div>\n\t\t<div class=\"elementor-element elementor-element-1cb2ec0 e-flex e-con-boxed e-con e-parent\" data-id=\"1cb2ec0\" data-element_type=\"container\" data-e-type=\"container\" data-settings=\"{&quot;background_background&quot;:&quot;classic&quot;}\">\n\t\t\t\t\t<div class=\"e-con-inner\">\n\t\t<div class=\"elementor-element elementor-element-85c8f0e e-con-full e-flex e-con e-child\" data-id=\"85c8f0e\" data-element_type=\"container\" data-e-type=\"container\">\n\t\t\t\t<div class=\"elementor-element elementor-element-7d08178 elementor-widget elementor-widget-heading\" data-id=\"7d08178\" data-element_type=\"widget\" data-e-type=\"widget\" data-widget_type=\"heading.default\">\n\t\t\t\t<div class=\"elementor-widget-container\">\n\t\t\t\t\t<h2 class=\"elementor-heading-title elementor-size-default\">Backer Switch<\/h2>\t\t\t\t<\/div>\n\t\t\t\t<\/div>\n\t\t\t\t<div class=\"elementor-element elementor-element-978e043 elementor-widget elementor-widget-text-editor\" data-id=\"978e043\" data-element_type=\"widget\" data-e-type=\"widget\" data-widget_type=\"text-editor.default\">\n\t\t\t\t<div class=\"elementor-widget-container\">\n\t\t\t\t\t\t\t\t\t<p>Backer Switch is a new service where we want to help you with the transition from fossil heating sources to using more renewable energy.\n\nIn terms of experience, we see that many people find this a difficult and convoluted process. Our advisers will help you in this transition.<\/p><p><strong>Backer Switch gives you:<\/strong><\/p><ul><li>Our engineers will visit your premises to assess the existing facility.<\/li><li>Based on the situation and objectives, we prepare a proposal and offer for you, with a cost picture, without expensive middlemen.<\/li><li>You then have decision-making basis for making changes to your plant, based on our expertise as Norway\u2019s only producer.<\/li><li>As a general rule, much of the current installation can be retained, we only make necessary changes, so that you do not have to replace all the existing installation.<\/li><li>In this way, you will save money, and together we will save the environment from waste!<\/li><li>If you wish to go for the offer, the solution will be produced in its entirety at Kongsvinger.<\/li><\/ul><p>\u00a0<\/p><p><strong><a href=\"https:\/\/norskebacker.no\/en\/backer-switch\/\">Read more about Backer Switch<\/a><\/strong><\/p>\t\t\t\t\t\t\t\t<\/div>\n\t\t\t\t<\/div>\n\t\t\t\t<\/div>\n\t\t<div class=\"elementor-element elementor-element-54cb206 e-con-full e-flex e-con e-child\" data-id=\"54cb206\" data-element_type=\"container\" data-e-type=\"container\">\n\t\t\t\t<div class=\"elementor-element elementor-element-a59e59d elementor-widget elementor-widget-image\" data-id=\"a59e59d\" data-element_type=\"widget\" data-e-type=\"widget\" data-widget_type=\"image.default\">\n\t\t\t\t<div class=\"elementor-widget-container\">\n\t\t\t\t\t\t\t\t\t\t\t\t\t\t\t<img fetchpriority=\"high\" decoding=\"async\" width=\"800\" height=\"367\" src=\"https:\/\/norskebacker.no\/wp-content\/uploads\/2024\/02\/backerswitch-1024x470.jpg\" class=\"attachment-large size-large wp-image-196\" alt=\"Service, Backer Switch (logo)\" srcset=\"https:\/\/norskebacker.no\/wp-content\/uploads\/2024\/02\/backerswitch-1024x470.jpg 1024w, https:\/\/norskebacker.no\/wp-content\/uploads\/2024\/02\/backerswitch-600x275.jpg 600w, https:\/\/norskebacker.no\/wp-content\/uploads\/2024\/02\/backerswitch-300x138.jpg 300w, https:\/\/norskebacker.no\/wp-content\/uploads\/2024\/02\/backerswitch-768x353.jpg 768w, https:\/\/norskebacker.no\/wp-content\/uploads\/2024\/02\/backerswitch.jpg 1148w\" sizes=\"(max-width: 800px) 100vw, 800px\" \/>\t\t\t\t\t\t\t\t\t\t\t\t\t\t\t<\/div>\n\t\t\t\t<\/div>\n\t\t\t\t<\/div>\n\t\t\t\t\t<\/div>\n\t\t\t\t<\/div>\n\t\t<div class=\"elementor-element elementor-element-85be857 e-flex e-con-boxed e-con e-parent\" data-id=\"85be857\" data-element_type=\"container\" data-e-type=\"container\" data-settings=\"{&quot;background_background&quot;:&quot;classic&quot;}\">\n\t\t\t\t\t<div class=\"e-con-inner\">\n\t\t<div class=\"elementor-element elementor-element-07aa092 e-con-full e-flex e-con e-child\" data-id=\"07aa092\" data-element_type=\"container\" data-e-type=\"container\">\n\t\t\t\t<div class=\"elementor-element elementor-element-388e7d7 elementor-widget elementor-widget-heading\" data-id=\"388e7d7\" data-element_type=\"widget\" data-e-type=\"widget\" data-widget_type=\"heading.default\">\n\t\t\t\t<div class=\"elementor-widget-container\">\n\t\t\t\t\t<h2 class=\"elementor-heading-title elementor-size-default\">Air heating<\/h2>\t\t\t\t<\/div>\n\t\t\t\t<\/div>\n\t\t\t\t<div class=\"elementor-element elementor-element-0b54906 elementor-widget elementor-widget-text-editor\" data-id=\"0b54906\" data-element_type=\"widget\" data-e-type=\"widget\" data-widget_type=\"text-editor.default\">\n\t\t\t\t<div class=\"elementor-widget-container\">\n\t\t\t\t\t\t\t\t\t<p>Within a wide range of applications, Norske Backer can calculate, design and produce electric heating solutions for air.<\/p><p>If you need air or gas heating for ventilation or industrial processes within, for example, offshore, shipping or agriculture, our heating elements can be adapted and built into a multitude of applications.<\/p><p>We can assist with calculation, construction, production and testing of everything from high-temperature air heating in pressurized flow-through systems \u2013 to simpler electric hot air batteries in ventilation systems.<\/p><p>Electric heating solutions are easier to maintain and operate than heating solutions with fossil energy sources or systems with circulating heating medium.<br \/>We can produce Ex certified hot air batteries up to 2MW and 1250V.<\/p>\t\t\t\t\t\t\t\t<\/div>\n\t\t\t\t<\/div>\n\t\t\t\t<\/div>\n\t\t<div class=\"elementor-element elementor-element-c73511e e-con-full e-flex e-con e-child\" data-id=\"c73511e\" data-element_type=\"container\" data-e-type=\"container\">\n\t\t\t\t<\/div>\n\t\t\t\t\t<\/div>\n\t\t\t\t<\/div>\n\t\t<div class=\"elementor-element elementor-element-eaebdc0 e-flex e-con-boxed e-con e-parent\" data-id=\"eaebdc0\" data-element_type=\"container\" data-e-type=\"container\" data-settings=\"{&quot;background_background&quot;:&quot;classic&quot;}\">\n\t\t\t\t\t<div class=\"e-con-inner\">\n\t\t<div class=\"elementor-element elementor-element-a7ecbdb e-con-full e-flex e-con e-child\" data-id=\"a7ecbdb\" data-element_type=\"container\" data-e-type=\"container\">\n\t\t\t\t<div class=\"elementor-element elementor-element-4e2eb20 elementor-widget elementor-widget-heading\" data-id=\"4e2eb20\" data-element_type=\"widget\" data-e-type=\"widget\" data-widget_type=\"heading.default\">\n\t\t\t\t<div class=\"elementor-widget-container\">\n\t\t\t\t\t<h2 class=\"elementor-heading-title elementor-size-default\">Liquid heating<\/h2>\t\t\t\t<\/div>\n\t\t\t\t<\/div>\n\t\t\t\t<div class=\"elementor-element elementor-element-14deb9f elementor-widget elementor-widget-text-editor\" data-id=\"14deb9f\" data-element_type=\"widget\" data-e-type=\"widget\" data-widget_type=\"text-editor.default\">\n\t\t\t\t<div class=\"elementor-widget-container\">\n\t\t\t\t\t\t\t\t\t<p>Within a wide range of applications, Norske Backer can calculate, design and produce electric heating solutions for liquids.<br \/>Do you have a heating need for liquids in industrial processes within e.g. offshore, shipping, agriculture or the food industry, our heating elements can be adapted and built into a multitude of applications.<\/p><p>We can assist with calculation, construction, production and testing of everything from flange-mounted heating flasks for chemical liquids in pressurized flow-through systems, heat exchangers and tanks, to simpler water heaters.<\/p><p>Electric heating solutions are easier to maintain and operate than heating solutions with fossil energy sources or systems with circulating heating medium.<br \/>We can produce Ex certified heating flasks up to 2MW and 1250V.<\/p>\t\t\t\t\t\t\t\t<\/div>\n\t\t\t\t<\/div>\n\t\t\t\t<\/div>\n\t\t<div class=\"elementor-element elementor-element-7f22e64 e-con-full e-flex e-con e-child\" data-id=\"7f22e64\" data-element_type=\"container\" data-e-type=\"container\">\n\t\t\t\t<\/div>\n\t\t\t\t\t<\/div>\n\t\t\t\t<\/div>\n\t\t\t\t<\/div>","protected":false},"excerpt":{"rendered":"<p>V\u00e5r metode Norske Backer har sin historie fra 1969. Da dreide det seg stort sett om masseproduksjon av varmeelementer til panelovner, steikeovner og varmtvannsberedere. Det var Christian Backer som oppfant varmeelementet i 1921 \u2013 og den historien finner du her! Selv om grunnkomponenten fortsatt er varmeelementet, s\u00e5 er l\u00f8sningene vi gir v\u00e5re kunder mye mer [&hellip;]<\/p>\n","protected":false},"author":1,"featured_media":0,"parent":0,"menu_order":0,"comment_status":"closed","ping_status":"closed","template":"","meta":{"_acf_changed":false,"footnotes":""},"class_list":["post-977","page","type-page","status-publish","hentry"],"acf":[],"_links":{"self":[{"href":"https:\/\/norskebacker.no\/en\/wp-json\/wp\/v2\/pages\/977","targetHints":{"allow":["GET"]}}],"collection":[{"href":"https:\/\/norskebacker.no\/en\/wp-json\/wp\/v2\/pages"}],"about":[{"href":"https:\/\/norskebacker.no\/en\/wp-json\/wp\/v2\/types\/page"}],"author":[{"embeddable":true,"href":"https:\/\/norskebacker.no\/en\/wp-json\/wp\/v2\/users\/1"}],"replies":[{"embeddable":true,"href":"https:\/\/norskebacker.no\/en\/wp-json\/wp\/v2\/comments?post=977"}],"version-history":[{"count":5,"href":"https:\/\/norskebacker.no\/en\/wp-json\/wp\/v2\/pages\/977\/revisions"}],"predecessor-version":[{"id":12475,"href":"https:\/\/norskebacker.no\/en\/wp-json\/wp\/v2\/pages\/977\/revisions\/12475"}],"wp:attachment":[{"href":"https:\/\/norskebacker.no\/en\/wp-json\/wp\/v2\/media?parent=977"}],"curies":[{"name":"wp","href":"https:\/\/api.w.org\/{rel}","templated":true}]}}